{"id":752,"date":"2025-10-19T14:05:38","date_gmt":"2025-10-19T14:05:38","guid":{"rendered":"https:\/\/apsa.new.brandshow.pt\/?page_id=752"},"modified":"2025-10-19T14:05:38","modified_gmt":"2025-10-19T14:05:38","slug":"apsa-workshops","status":"publish","type":"page","link":"https:\/\/apsa.new.brandshow.pt\/?page_id=752","title":{"rendered":"APSA Workshops"},"content":{"rendered":"\n<p>Nesta p\u00e1gina ser\u00e3o disponibilizadas informa\u00e7\u00f5es sobre os <strong>APSA Workshops<\/strong>, uma iniciativa que promove a forma\u00e7\u00e3o e a sensibiliza\u00e7\u00e3o sobre a s\u00edndrome de Asperger.<\/p>\n\n\n\n<p>A APSA organiza workshops tem\u00e1ticos destinados a pais, fam\u00edlias, pessoas com s\u00edndrome de Asperger e profissionais das \u00e1reas da educa\u00e7\u00e3o, sa\u00fade e apoio social. Estes workshops visam desenvolver compet\u00eancias, partilhar boas pr\u00e1ticas e promover uma maior compreens\u00e3o e inclus\u00e3o das pessoas com SA.<\/p>\n\n\n\n<ul class=\"wp-block-list\"><li>Workshops de forma\u00e7\u00e3o para pais e familiares.<\/li><li>Workshops para profissionais de educa\u00e7\u00e3o, sa\u00fade e interven\u00e7\u00e3o social.<\/li><li>Sess\u00f5es de sensibiliza\u00e7\u00e3o e semin\u00e1rios tem\u00e1ticos sobre temas espec\u00edficos.<\/li><\/ul>\n\n\n\n<p>Em breve ser\u00e3o divulgadas as datas, locais e conte\u00fados program\u00e1ticos dos pr\u00f3ximos workshops. Agradecemos o seu interesse e convidamos a acompanhar as novidades.<\/p>\n","protected":false},"excerpt":{"rendered":"<p>Nesta p\u00e1gina ser\u00e3o disponibilizadas informa\u00e7\u00f5es sobre os APSA Workshops, uma iniciativa que promove a forma\u00e7\u00e3o e a sensibiliza\u00e7\u00e3o sobre a s\u00edndrome de Asperger. A APSA organiza workshops tem\u00e1ticos destinados a pais, fam\u00edlias, pessoas com s\u00edndrome de Asperger e profissionais das \u00e1reas da educa\u00e7\u00e3o, sa\u00fade e apoio social. Estes workshops visam desenvolver compet\u00eancias, partilhar boas pr\u00e1ticas [&hellip;]<\/p>\n","protected":false},"author":2,"featured_media":0,"parent":0,"menu_order":0,"comment_status":"closed","ping_status":"closed","template":"","meta":{"_acf_changed":false,"give_campaign_id":0,"_monsterinsights_skip_tracking":false,"_monsterinsights_sitenote_active":false,"_monsterinsights_sitenote_note":"","_monsterinsights_sitenote_category":0,"footnotes":""},"class_list":["post-752","page","type-page","status-publish","hentry"],"acf":[],"aioseo_notices":[],"campaignId":"","_links":{"self":[{"href":"https:\/\/apsa.new.brandshow.pt\/index.php?rest_route=\/wp\/v2\/pages\/752","targetHints":{"allow":["GET"]}}],"collection":[{"href":"https:\/\/apsa.new.brandshow.pt\/index.php?rest_route=\/wp\/v2\/pages"}],"about":[{"href":"https:\/\/apsa.new.brandshow.pt\/index.php?rest_route=\/wp\/v2\/types\/page"}],"author":[{"embeddable":true,"href":"https:\/\/apsa.new.brandshow.pt\/index.php?rest_route=\/wp\/v2\/users\/2"}],"replies":[{"embeddable":true,"href":"https:\/\/apsa.new.brandshow.pt\/index.php?rest_route=%2Fwp%2Fv2%2Fcomments&post=752"}],"version-history":[{"count":1,"href":"https:\/\/apsa.new.brandshow.pt\/index.php?rest_route=\/wp\/v2\/pages\/752\/revisions"}],"predecessor-version":[{"id":753,"href":"https:\/\/apsa.new.brandshow.pt\/index.php?rest_route=\/wp\/v2\/pages\/752\/revisions\/753"}],"wp:attachment":[{"href":"https:\/\/apsa.new.brandshow.pt\/index.php?rest_route=%2Fwp%2Fv2%2Fmedia&parent=752"}],"curies":[{"name":"wp","href":"https:\/\/api.w.org\/{rel}","templated":true}]}}