{"id":748,"date":"2025-10-19T14:05:31","date_gmt":"2025-10-19T14:05:31","guid":{"rendered":"https:\/\/apsa.new.brandshow.pt\/?page_id=748"},"modified":"2025-10-19T14:05:31","modified_gmt":"2025-10-19T14:05:31","slug":"apsa-in-work","status":"publish","type":"page","link":"https:\/\/apsa.new.brandshow.pt\/?page_id=748","title":{"rendered":"APSA IN Work"},"content":{"rendered":"\n<p>Nesta p\u00e1gina iremos apresentar o projecto APSA IN Work, uma iniciativa que promove a integra\u00e7\u00e3o profissional e a forma\u00e7\u00e3o de jovens e adultos com S\u00edndrome de Asperger. O projecto visa desenvolver compet\u00eancias laborais e criar oportunidades de est\u00e1gios, empregos protegidos e experi\u00eancias de trabalho adaptadas.<\/p>\n\n\n\n<p>Estamos a preparar uma descri\u00e7\u00e3o detalhada dos objectivos, actividades e formas de participar no APSA IN Work. Regressa em breve para saber mais sobre esta iniciativa e descobrir como te podes envolver ou apoiar.<\/p>\n","protected":false},"excerpt":{"rendered":"<p>Nesta p\u00e1gina iremos apresentar o projecto APSA IN Work, uma iniciativa que promove a integra\u00e7\u00e3o profissional e a forma\u00e7\u00e3o de jovens e adultos com S\u00edndrome de Asperger. O projecto visa desenvolver compet\u00eancias laborais e criar oportunidades de est\u00e1gios, empregos protegidos e experi\u00eancias de trabalho adaptadas. Estamos a preparar uma descri\u00e7\u00e3o detalhada dos objectivos, actividades e [&hellip;]<\/p>\n","protected":false},"author":2,"featured_media":0,"parent":0,"menu_order":0,"comment_status":"closed","ping_status":"closed","template":"","meta":{"_acf_changed":false,"give_campaign_id":0,"_monsterinsights_skip_tracking":false,"_monsterinsights_sitenote_active":false,"_monsterinsights_sitenote_note":"","_monsterinsights_sitenote_category":0,"footnotes":""},"class_list":["post-748","page","type-page","status-publish","hentry"],"acf":[],"aioseo_notices":[],"campaignId":"","_links":{"self":[{"href":"https:\/\/apsa.new.brandshow.pt\/index.php?rest_route=\/wp\/v2\/pages\/748","targetHints":{"allow":["GET"]}}],"collection":[{"href":"https:\/\/apsa.new.brandshow.pt\/index.php?rest_route=\/wp\/v2\/pages"}],"about":[{"href":"https:\/\/apsa.new.brandshow.pt\/index.php?rest_route=\/wp\/v2\/types\/page"}],"author":[{"embeddable":true,"href":"https:\/\/apsa.new.brandshow.pt\/index.php?rest_route=\/wp\/v2\/users\/2"}],"replies":[{"embeddable":true,"href":"https:\/\/apsa.new.brandshow.pt\/index.php?rest_route=%2Fwp%2Fv2%2Fcomments&post=748"}],"version-history":[{"count":1,"href":"https:\/\/apsa.new.brandshow.pt\/index.php?rest_route=\/wp\/v2\/pages\/748\/revisions"}],"predecessor-version":[{"id":749,"href":"https:\/\/apsa.new.brandshow.pt\/index.php?rest_route=\/wp\/v2\/pages\/748\/revisions\/749"}],"wp:attachment":[{"href":"https:\/\/apsa.new.brandshow.pt\/index.php?rest_route=%2Fwp%2Fv2%2Fmedia&parent=748"}],"curies":[{"name":"wp","href":"https:\/\/api.w.org\/{rel}","templated":true}]}}