{"id":744,"date":"2025-10-19T14:15:01","date_gmt":"2025-10-19T14:15:01","guid":{"rendered":"https:\/\/apsa.new.brandshow.pt\/?page_id=744"},"modified":"2025-10-19T14:15:01","modified_gmt":"2025-10-19T14:15:01","slug":"pec","status":"publish","type":"page","link":"https:\/\/apsa.new.brandshow.pt\/?page_id=744","title":{"rendered":"PEC"},"content":{"rendered":"\n<p>Nesta p\u00e1gina disponibilizaremos informa\u00e7\u00f5es sobre o Programa Educativo e Cultural (PEC) da APSA. Este programa dinamiza actividades educativas, culturais e recreativas, dirigidas \u00e0 comunidade e \u00e0s pessoas com S\u00edndrome de Asperger, promovendo a inclus\u00e3o e a sensibiliza\u00e7\u00e3o para a diversidade.<\/p>\n\n\n\n<p>Estamos a preparar uma descri\u00e7\u00e3o completa das iniciativas, workshops e projectos que integram o PEC. Volte em breve para conhecer mais detalhes e saber como participar.<\/p>\n","protected":false},"excerpt":{"rendered":"<p>Nesta p\u00e1gina disponibilizaremos informa\u00e7\u00f5es sobre o Programa Educativo e Cultural (PEC) da APSA. Este programa dinamiza actividades educativas, culturais e recreativas, dirigidas \u00e0 comunidade e \u00e0s pessoas com S\u00edndrome de Asperger, promovendo a inclus\u00e3o e a sensibiliza\u00e7\u00e3o para a diversidade. Estamos a preparar uma descri\u00e7\u00e3o completa das iniciativas, workshops e projectos que integram o PEC. [&hellip;]<\/p>\n","protected":false},"author":2,"featured_media":0,"parent":0,"menu_order":0,"comment_status":"closed","ping_status":"closed","template":"","meta":{"_acf_changed":false,"give_campaign_id":0,"_monsterinsights_skip_tracking":false,"_monsterinsights_sitenote_active":false,"_monsterinsights_sitenote_note":"","_monsterinsights_sitenote_category":0,"footnotes":""},"class_list":["post-744","page","type-page","status-publish","hentry"],"acf":[],"aioseo_notices":[],"campaignId":"","_links":{"self":[{"href":"https:\/\/apsa.new.brandshow.pt\/index.php?rest_route=\/wp\/v2\/pages\/744","targetHints":{"allow":["GET"]}}],"collection":[{"href":"https:\/\/apsa.new.brandshow.pt\/index.php?rest_route=\/wp\/v2\/pages"}],"about":[{"href":"https:\/\/apsa.new.brandshow.pt\/index.php?rest_route=\/wp\/v2\/types\/page"}],"author":[{"embeddable":true,"href":"https:\/\/apsa.new.brandshow.pt\/index.php?rest_route=\/wp\/v2\/users\/2"}],"replies":[{"embeddable":true,"href":"https:\/\/apsa.new.brandshow.pt\/index.php?rest_route=%2Fwp%2Fv2%2Fcomments&post=744"}],"version-history":[{"count":1,"href":"https:\/\/apsa.new.brandshow.pt\/index.php?rest_route=\/wp\/v2\/pages\/744\/revisions"}],"predecessor-version":[{"id":745,"href":"https:\/\/apsa.new.brandshow.pt\/index.php?rest_route=\/wp\/v2\/pages\/744\/revisions\/745"}],"wp:attachment":[{"href":"https:\/\/apsa.new.brandshow.pt\/index.php?rest_route=%2Fwp%2Fv2%2Fmedia&parent=744"}],"curies":[{"name":"wp","href":"https:\/\/api.w.org\/{rel}","templated":true}]}}