{"id":740,"date":"2025-10-19T14:18:43","date_gmt":"2025-10-19T14:18:43","guid":{"rendered":"https:\/\/apsa.new.brandshow.pt\/?page_id=740"},"modified":"2025-10-19T14:18:43","modified_gmt":"2025-10-19T14:18:43","slug":"sessoes-gaivota","status":"publish","type":"page","link":"https:\/\/apsa.new.brandshow.pt\/?page_id=740","title":{"rendered":"Sess\u00f5es Gaivota"},"content":{"rendered":"\n<p>Nesta p\u00e1gina ir\u00e1 disponibilizar-se informa\u00e7\u00e3o sobre as Sess\u00f5es Gaivota, uma actividade comunit\u00e1ria promovida pela APSA. De momento o conte\u00fado encontra-se em actualiza\u00e7\u00e3o; por favor visite novamente em breve.<\/p>\n","protected":false},"excerpt":{"rendered":"<p>Nesta p\u00e1gina ir\u00e1 disponibilizar-se informa\u00e7\u00e3o sobre as Sess\u00f5es Gaivota, uma actividade comunit\u00e1ria promovida pela APSA. De momento o conte\u00fado encontra-se em actualiza\u00e7\u00e3o; por favor visite novamente em breve.<\/p>\n","protected":false},"author":2,"featured_media":0,"parent":0,"menu_order":0,"comment_status":"closed","ping_status":"closed","template":"","meta":{"_acf_changed":false,"give_campaign_id":0,"_monsterinsights_skip_tracking":false,"_monsterinsights_sitenote_active":false,"_monsterinsights_sitenote_note":"","_monsterinsights_sitenote_category":0,"footnotes":""},"class_list":["post-740","page","type-page","status-publish","hentry"],"acf":[],"aioseo_notices":[],"campaignId":"","_links":{"self":[{"href":"https:\/\/apsa.new.brandshow.pt\/index.php?rest_route=\/wp\/v2\/pages\/740","targetHints":{"allow":["GET"]}}],"collection":[{"href":"https:\/\/apsa.new.brandshow.pt\/index.php?rest_route=\/wp\/v2\/pages"}],"about":[{"href":"https:\/\/apsa.new.brandshow.pt\/index.php?rest_route=\/wp\/v2\/types\/page"}],"author":[{"embeddable":true,"href":"https:\/\/apsa.new.brandshow.pt\/index.php?rest_route=\/wp\/v2\/users\/2"}],"replies":[{"embeddable":true,"href":"https:\/\/apsa.new.brandshow.pt\/index.php?rest_route=%2Fwp%2Fv2%2Fcomments&post=740"}],"version-history":[{"count":1,"href":"https:\/\/apsa.new.brandshow.pt\/index.php?rest_route=\/wp\/v2\/pages\/740\/revisions"}],"predecessor-version":[{"id":741,"href":"https:\/\/apsa.new.brandshow.pt\/index.php?rest_route=\/wp\/v2\/pages\/740\/revisions\/741"}],"wp:attachment":[{"href":"https:\/\/apsa.new.brandshow.pt\/index.php?rest_route=%2Fwp%2Fv2%2Fmedia&parent=740"}],"curies":[{"name":"wp","href":"https:\/\/api.w.org\/{rel}","templated":true}]}}