{"id":736,"date":"2025-10-19T14:28:11","date_gmt":"2025-10-19T14:28:11","guid":{"rendered":"https:\/\/apsa.new.brandshow.pt\/?page_id=736"},"modified":"2025-10-19T14:28:11","modified_gmt":"2025-10-19T14:28:11","slug":"programa-de-empregabilidade","status":"publish","type":"page","link":"https:\/\/apsa.new.brandshow.pt\/?page_id=736","title":{"rendered":"Programa de Empregabilidade"},"content":{"rendered":"\n<p>O Programa de Empregabilidade da APSA tem como objectivo promover o desenvolvimento de compet\u00eancias sociais e a autonomia funcional de pessoas com S\u00edndrome de Asperger, facilitando a sua inclus\u00e3o profissional e social.<\/p>\n\n\n\n<p>Destinado a adultos a partir dos 18 anos, o programa oferece uma interven\u00e7\u00e3o individualizada com uma equipa multidisciplinar, preparando e acompanhando candidatos e empresas no processo de integra\u00e7\u00e3o.<\/p>\n\n\n\n<p>As principais componentes do programa incluem:<\/p>\n\n\n\n<ul class=\"wp-block-list\">\n<li>Promo\u00e7\u00e3o da autodetermina\u00e7\u00e3o e autonomia dos participantes.<\/li>\n\n\n\n<li>Estabelecimento de parcerias com empresas e institui\u00e7\u00f5es p\u00fablicas e privadas para criar oportunidades de est\u00e1gio e emprego.<\/li>\n\n\n\n<li>Acompanhamento t\u00e9cnico especializado antes, durante e ap\u00f3s a integra\u00e7\u00e3o profissional.<\/li>\n<\/ul>\n\n\n\n<p>Foram definidos dois perfis de integra\u00e7\u00e3o \u2014 LEAP e GROW \u2014 para adequar o programa \u00e0s capacidades e necessidades de cada participante:<\/p>\n\n\n\n<ul class=\"wp-block-list\">\n<li>LEAP: destinado a participantes com maior autonomia e aptid\u00e3o profissional, com prepara\u00e7\u00e3o para entrada no mercado de trabalho e suporte espec\u00edfico.<\/li>\n\n\n\n<li>GROW: dirigido a participantes que necessitam de apoio continuado; proporciona experi\u00eancias de trabalho adaptadas e percursos de crescimento gradual.<\/li>\n<\/ul>\n\n\n\n<p>A media\u00e7\u00e3o t\u00e9cnica especializada inclui recrutamento e sele\u00e7\u00e3o, entrevistas, triagem do contexto de trabalho, sensibiliza\u00e7\u00e3o e forma\u00e7\u00e3o das equipas de acolhimento, e acompanhamento cont\u00ednuo durante a integra\u00e7\u00e3o.<\/p>\n\n\n\n<p>Se est\u00e1 interessado em participar ou em saber mais sobre o programa, entre em contacto connosco.<\/p>\n","protected":false},"excerpt":{"rendered":"<p>O Programa de Empregabilidade da APSA tem como objectivo promover o desenvolvimento de compet\u00eancias sociais e a autonomia funcional de pessoas com S\u00edndrome de Asperger, facilitando a sua inclus\u00e3o profissional e social. Destinado a adultos a partir dos 18 anos, o programa oferece uma interven\u00e7\u00e3o individualizada com uma equipa multidisciplinar, preparando e acompanhando candidatos e [&hellip;]<\/p>\n","protected":false},"author":2,"featured_media":0,"parent":0,"menu_order":0,"comment_status":"closed","ping_status":"closed","template":"","meta":{"_acf_changed":false,"give_campaign_id":0,"_monsterinsights_skip_tracking":false,"_monsterinsights_sitenote_active":false,"_monsterinsights_sitenote_note":"","_monsterinsights_sitenote_category":0,"footnotes":""},"class_list":["post-736","page","type-page","status-publish","hentry"],"acf":[],"aioseo_notices":[],"campaignId":"","_links":{"self":[{"href":"https:\/\/apsa.new.brandshow.pt\/index.php?rest_route=\/wp\/v2\/pages\/736","targetHints":{"allow":["GET"]}}],"collection":[{"href":"https:\/\/apsa.new.brandshow.pt\/index.php?rest_route=\/wp\/v2\/pages"}],"about":[{"href":"https:\/\/apsa.new.brandshow.pt\/index.php?rest_route=\/wp\/v2\/types\/page"}],"author":[{"embeddable":true,"href":"https:\/\/apsa.new.brandshow.pt\/index.php?rest_route=\/wp\/v2\/users\/2"}],"replies":[{"embeddable":true,"href":"https:\/\/apsa.new.brandshow.pt\/index.php?rest_route=%2Fwp%2Fv2%2Fcomments&post=736"}],"version-history":[{"count":1,"href":"https:\/\/apsa.new.brandshow.pt\/index.php?rest_route=\/wp\/v2\/pages\/736\/revisions"}],"predecessor-version":[{"id":737,"href":"https:\/\/apsa.new.brandshow.pt\/index.php?rest_route=\/wp\/v2\/pages\/736\/revisions\/737"}],"wp:attachment":[{"href":"https:\/\/apsa.new.brandshow.pt\/index.php?rest_route=%2Fwp%2Fv2%2Fmedia&parent=736"}],"curies":[{"name":"wp","href":"https:\/\/api.w.org\/{rel}","templated":true}]}}