{"id":731,"date":"2025-10-19T14:30:21","date_gmt":"2025-10-19T14:30:21","guid":{"rendered":"https:\/\/apsa.new.brandshow.pt\/?page_id=731"},"modified":"2025-10-19T14:30:21","modified_gmt":"2025-10-19T14:30:21","slug":"encontros-apsa","status":"publish","type":"page","link":"https:\/\/apsa.new.brandshow.pt\/?page_id=731","title":{"rendered":"Encontros APSA"},"content":{"rendered":"\n<p>Os Encontros APSA s\u00e3o momentos de partilha e aprendizagem dirigidos a pais, familiares e amigos de pessoas com S\u00edndrome de Asperger. Estes encontros peri\u00f3dicos permitem esclarecer d\u00favidas, trocar experi\u00eancias e receber orienta\u00e7\u00e3o de t\u00e9cnicos especializados.<\/p>\n\n\n\n<p>Cada sess\u00e3o aborda temas relevantes para a vida das pessoas com Asperger e das suas fam\u00edlias, proporcionando um espa\u00e7o seguro para discutir desafios e estrat\u00e9gias de apoio.<\/p>\n\n\n\n<ul class=\"wp-block-list\">\n<li>Direitos e legisla\u00e7\u00e3o aplic\u00e1vel \u00e0s perturba\u00e7\u00f5es do espectro do autismo<\/li>\n<li>Estrat\u00e9gias de educa\u00e7\u00e3o e integra\u00e7\u00e3o escolar<\/li>\n<li>Transi\u00e7\u00e3o para a vida adulta e autonomia<\/li>\n<li>Inser\u00e7\u00e3o no mercado de trabalho e programas de empregabilidade<\/li>\n<li>Relacionamentos, fam\u00edlia e vida social<\/li>\n<li>Partilha de experi\u00eancias e hist\u00f3rias inspiradoras<\/li>\n<\/ul>\n\n\n\n<p>Os Encontros APSA realizam-se regularmente na sede da APSA e online. Consulte o calend\u00e1rio de atividades ou contacte-nos para saber quando ser\u00e1 o pr\u00f3ximo encontro.<\/p>\n","protected":false},"excerpt":{"rendered":"<p>Os Encontros APSA s\u00e3o momentos de partilha e aprendizagem dirigidos a pais, familiares e amigos de pessoas com S\u00edndrome de Asperger. Estes encontros peri\u00f3dicos permitem esclarecer d\u00favidas, trocar experi\u00eancias e receber orienta\u00e7\u00e3o de t\u00e9cnicos especializados. Cada sess\u00e3o aborda temas relevantes para a vida das pessoas com Asperger e das suas fam\u00edlias, proporcionando um espa\u00e7o seguro [&hellip;]<\/p>\n","protected":false},"author":2,"featured_media":0,"parent":0,"menu_order":0,"comment_status":"closed","ping_status":"closed","template":"","meta":{"_acf_changed":false,"give_campaign_id":0,"_monsterinsights_skip_tracking":false,"_monsterinsights_sitenote_active":false,"_monsterinsights_sitenote_note":"","_monsterinsights_sitenote_category":0,"footnotes":""},"class_list":["post-731","page","type-page","status-publish","hentry"],"acf":[],"aioseo_notices":[],"campaignId":"","_links":{"self":[{"href":"https:\/\/apsa.new.brandshow.pt\/index.php?rest_route=\/wp\/v2\/pages\/731","targetHints":{"allow":["GET"]}}],"collection":[{"href":"https:\/\/apsa.new.brandshow.pt\/index.php?rest_route=\/wp\/v2\/pages"}],"about":[{"href":"https:\/\/apsa.new.brandshow.pt\/index.php?rest_route=\/wp\/v2\/types\/page"}],"author":[{"embeddable":true,"href":"https:\/\/apsa.new.brandshow.pt\/index.php?rest_route=\/wp\/v2\/users\/2"}],"replies":[{"embeddable":true,"href":"https:\/\/apsa.new.brandshow.pt\/index.php?rest_route=%2Fwp%2Fv2%2Fcomments&post=731"}],"version-history":[{"count":1,"href":"https:\/\/apsa.new.brandshow.pt\/index.php?rest_route=\/wp\/v2\/pages\/731\/revisions"}],"predecessor-version":[{"id":857,"href":"https:\/\/apsa.new.brandshow.pt\/index.php?rest_route=\/wp\/v2\/pages\/731\/revisions\/857"}],"wp:attachment":[{"href":"https:\/\/apsa.new.brandshow.pt\/index.php?rest_route=%2Fwp%2Fv2%2Fmedia&parent=731"}],"curies":[{"name":"wp","href":"https:\/\/api.w.org\/{rel}","templated":true}]}}