{"id":727,"date":"2025-10-19T14:33:22","date_gmt":"2025-10-19T14:33:22","guid":{"rendered":"https:\/\/apsa.new.brandshow.pt\/?page_id=727"},"modified":"2025-10-19T14:33:22","modified_gmt":"2025-10-19T14:33:22","slug":"tempo-de-pais","status":"publish","type":"page","link":"https:\/\/apsa.new.brandshow.pt\/?page_id=727","title":{"rendered":"Tempo de Pais"},"content":{"rendered":"\n<p>O Tempo de Pais \u00e9 um espa\u00e7o semanal de partilha e apoio destinado a pais e fam\u00edlias de pessoas com S\u00edndrome de Asperger.<\/p>\n\n\n\n<p>As sess\u00f5es realizam-se habitualmente \u00e0s segundas\u2011feiras, das 14h30 \u00e0s 16h30, podendo participar presencialmente na Casa Grande ou via Zoom.<\/p>\n\n\n\n<ul class=\"wp-block-list\">\n<li>Partilha de experi\u00eancias e desafios do quotidiano.<\/li>\n<li>Orienta\u00e7\u00e3o e aconselhamento por profissionais.<\/li>\n<li>Desenvolvimento de estrat\u00e9gias para lidar com quest\u00f5es como educa\u00e7\u00e3o, adolesc\u00eancia, emprego e vida aut\u00f3noma.<\/li>\n<li>Cria\u00e7\u00e3o de uma rede de apoio entre fam\u00edlias.<\/li>\n<\/ul>\n\n\n\n<p>Para participar no Tempo de Pais \u00e9 necess\u00e1rio efectuar marca\u00e7\u00e3o atrav\u00e9s do telefone 217\u00a0119\u00a0100 ou do e\u2011mail geral@apsa.org.pt. A participa\u00e7\u00e3o \u00e9 gratuita.<\/p>\n","protected":false},"excerpt":{"rendered":"<p>O Tempo de Pais \u00e9 um espa\u00e7o semanal de partilha e apoio destinado a pais e fam\u00edlias de pessoas com S\u00edndrome de Asperger. As sess\u00f5es realizam-se habitualmente \u00e0s segundas\u2011feiras, das 14h30 \u00e0s 16h30, podendo participar presencialmente na Casa Grande ou via Zoom. Partilha de experi\u00eancias e desafios do quotidiano. Orienta\u00e7\u00e3o e aconselhamento por profissionais. Desenvolvimento [&hellip;]<\/p>\n","protected":false},"author":2,"featured_media":0,"parent":0,"menu_order":0,"comment_status":"closed","ping_status":"closed","template":"","meta":{"_acf_changed":false,"give_campaign_id":0,"_monsterinsights_skip_tracking":false,"_monsterinsights_sitenote_active":false,"_monsterinsights_sitenote_note":"","_monsterinsights_sitenote_category":0,"footnotes":""},"class_list":["post-727","page","type-page","status-publish","hentry"],"acf":[],"aioseo_notices":[],"campaignId":"","_links":{"self":[{"href":"https:\/\/apsa.new.brandshow.pt\/index.php?rest_route=\/wp\/v2\/pages\/727","targetHints":{"allow":["GET"]}}],"collection":[{"href":"https:\/\/apsa.new.brandshow.pt\/index.php?rest_route=\/wp\/v2\/pages"}],"about":[{"href":"https:\/\/apsa.new.brandshow.pt\/index.php?rest_route=\/wp\/v2\/types\/page"}],"author":[{"embeddable":true,"href":"https:\/\/apsa.new.brandshow.pt\/index.php?rest_route=\/wp\/v2\/users\/2"}],"replies":[{"embeddable":true,"href":"https:\/\/apsa.new.brandshow.pt\/index.php?rest_route=%2Fwp%2Fv2%2Fcomments&post=727"}],"version-history":[{"count":1,"href":"https:\/\/apsa.new.brandshow.pt\/index.php?rest_route=\/wp\/v2\/pages\/727\/revisions"}],"predecessor-version":[{"id":728,"href":"https:\/\/apsa.new.brandshow.pt\/index.php?rest_route=\/wp\/v2\/pages\/727\/revisions\/728"}],"wp:attachment":[{"href":"https:\/\/apsa.new.brandshow.pt\/index.php?rest_route=%2Fwp%2Fv2%2Fmedia&parent=727"}],"curies":[{"name":"wp","href":"https:\/\/api.w.org\/{rel}","templated":true}]}}