{"id":724,"date":"2025-10-19T14:34:28","date_gmt":"2025-10-19T14:34:28","guid":{"rendered":"https:\/\/apsa.new.brandshow.pt\/?page_id=724"},"modified":"2025-10-19T14:34:28","modified_gmt":"2025-10-19T14:34:28","slug":"escutar-e-orientar","status":"publish","type":"page","link":"https:\/\/apsa.new.brandshow.pt\/?page_id=724","title":{"rendered":"Escutar e Orientar"},"content":{"rendered":"\n<p>A sec\u00e7\u00e3o Escutar e Orientar oferece um atendimento individualizado aos pais e familiares de pessoas com S\u00edndrome de Asperger. Aqui os profissionais da APSA escutam, esclarecem d\u00favidas sobre diagn\u00f3stico, tratamentos e integra\u00e7\u00e3o escolar e social.<\/p>\n\n\n\n<p>O objetivo \u00e9 orientar as fam\u00edlias em todas as etapas do percurso, desde o pr\u00e9\u2011diagn\u00f3stico at\u00e9 ao acompanhamento cont\u00ednuo, garantindo apoio emocional, informa\u00e7\u00e3o e encaminhamento para recursos adequados.<\/p>\n\n\n\n<ul class=\"wp-block-list\">\n    <li>Escuta ativa e apoio emocional \u00e0s fam\u00edlias;<\/li>\n    <li>Informa\u00e7\u00e3o sobre diagn\u00f3stico, terapias e direitos;<\/li>\n    <li>Orienta\u00e7\u00e3o para a integra\u00e7\u00e3o escolar e social;<\/li>\n    <li>Encaminhamento para recursos especializados.<\/li>\n<\/ul>\n\n\n\n<p>Para mais informa\u00e7\u00f5es ou marca\u00e7\u00e3o de atendimento, contacte-nos.<\/p>\n","protected":false},"excerpt":{"rendered":"<p>A sec\u00e7\u00e3o Escutar e Orientar oferece um atendimento individualizado aos pais e familiares de pessoas com S\u00edndrome de Asperger. Aqui os profissionais da APSA escutam, esclarecem d\u00favidas sobre diagn\u00f3stico, tratamentos e integra\u00e7\u00e3o escolar e social. O objetivo \u00e9 orientar as fam\u00edlias em todas as etapas do percurso, desde o pr\u00e9\u2011diagn\u00f3stico at\u00e9 ao acompanhamento cont\u00ednuo, garantindo [&hellip;]<\/p>\n","protected":false},"author":2,"featured_media":0,"parent":0,"menu_order":0,"comment_status":"closed","ping_status":"closed","template":"","meta":{"_acf_changed":false,"give_campaign_id":0,"_monsterinsights_skip_tracking":false,"_monsterinsights_sitenote_active":false,"_monsterinsights_sitenote_note":"","_monsterinsights_sitenote_category":0,"footnotes":""},"class_list":["post-724","page","type-page","status-publish","hentry"],"acf":[],"aioseo_notices":[],"campaignId":"","_links":{"self":[{"href":"https:\/\/apsa.new.brandshow.pt\/index.php?rest_route=\/wp\/v2\/pages\/724","targetHints":{"allow":["GET"]}}],"collection":[{"href":"https:\/\/apsa.new.brandshow.pt\/index.php?rest_route=\/wp\/v2\/pages"}],"about":[{"href":"https:\/\/apsa.new.brandshow.pt\/index.php?rest_route=\/wp\/v2\/types\/page"}],"author":[{"embeddable":true,"href":"https:\/\/apsa.new.brandshow.pt\/index.php?rest_route=\/wp\/v2\/users\/2"}],"replies":[{"embeddable":true,"href":"https:\/\/apsa.new.brandshow.pt\/index.php?rest_route=%2Fwp%2Fv2%2Fcomments&post=724"}],"version-history":[{"count":1,"href":"https:\/\/apsa.new.brandshow.pt\/index.php?rest_route=\/wp\/v2\/pages\/724\/revisions"}],"predecessor-version":[{"id":725,"href":"https:\/\/apsa.new.brandshow.pt\/index.php?rest_route=\/wp\/v2\/pages\/724\/revisions\/725"}],"wp:attachment":[{"href":"https:\/\/apsa.new.brandshow.pt\/index.php?rest_route=%2Fwp%2Fv2%2Fmedia&parent=724"}],"curies":[{"name":"wp","href":"https:\/\/api.w.org\/{rel}","templated":true}]}}