{"id":706,"date":"2025-10-19T14:07:05","date_gmt":"2025-10-19T14:07:05","guid":{"rendered":"https:\/\/apsa.new.brandshow.pt\/?page_id=706"},"modified":"2025-10-19T14:07:05","modified_gmt":"2025-10-19T14:07:05","slug":"consignacao-do-irs","status":"publish","type":"page","link":"https:\/\/apsa.new.brandshow.pt\/?page_id=706","title":{"rendered":"Consigna\u00e7\u00e3o do IRS"},"content":{"rendered":"\n<p>Consignar 0,5% do seu IRS \u00e0 APSA \u00e9 uma forma simples de apoiar a nossa miss\u00e3o sem qualquer custo adicional. Ao preencher a sua declara\u00e7\u00e3o de IRS, indique o NIF da APSA no quadro correspondente e o Estado reencaminhar\u00e1 parte do seu imposto para a Associa\u00e7\u00e3o.<\/p>\n\n\n\n<p>A consigna\u00e7\u00e3o do IRS \u00e9 fundamental para financiar projectos como a Casa Grande e programas de empregabilidade e inclus\u00e3o para pessoas com S\u00edndrome de Asperger. Obrigado pelo seu contributo!<\/p>\n","protected":false},"excerpt":{"rendered":"<p>Consignar 0,5% do seu IRS \u00e0 APSA \u00e9 uma forma simples de apoiar a nossa miss\u00e3o sem qualquer custo adicional. Ao preencher a sua declara\u00e7\u00e3o de IRS, indique o NIF da APSA no quadro correspondente e o Estado reencaminhar\u00e1 parte do seu imposto para a Associa\u00e7\u00e3o. A consigna\u00e7\u00e3o do IRS \u00e9 fundamental para financiar projectos [&hellip;]<\/p>\n","protected":false},"author":2,"featured_media":0,"parent":0,"menu_order":0,"comment_status":"closed","ping_status":"closed","template":"","meta":{"_acf_changed":false,"give_campaign_id":0,"_monsterinsights_skip_tracking":false,"_monsterinsights_sitenote_active":false,"_monsterinsights_sitenote_note":"","_monsterinsights_sitenote_category":0,"footnotes":""},"class_list":["post-706","page","type-page","status-publish","hentry"],"acf":[],"aioseo_notices":[],"campaignId":"","_links":{"self":[{"href":"https:\/\/apsa.new.brandshow.pt\/index.php?rest_route=\/wp\/v2\/pages\/706","targetHints":{"allow":["GET"]}}],"collection":[{"href":"https:\/\/apsa.new.brandshow.pt\/index.php?rest_route=\/wp\/v2\/pages"}],"about":[{"href":"https:\/\/apsa.new.brandshow.pt\/index.php?rest_route=\/wp\/v2\/types\/page"}],"author":[{"embeddable":true,"href":"https:\/\/apsa.new.brandshow.pt\/index.php?rest_route=\/wp\/v2\/users\/2"}],"replies":[{"embeddable":true,"href":"https:\/\/apsa.new.brandshow.pt\/index.php?rest_route=%2Fwp%2Fv2%2Fcomments&post=706"}],"version-history":[{"count":1,"href":"https:\/\/apsa.new.brandshow.pt\/index.php?rest_route=\/wp\/v2\/pages\/706\/revisions"}],"predecessor-version":[{"id":707,"href":"https:\/\/apsa.new.brandshow.pt\/index.php?rest_route=\/wp\/v2\/pages\/706\/revisions\/707"}],"wp:attachment":[{"href":"https:\/\/apsa.new.brandshow.pt\/index.php?rest_route=%2Fwp%2Fv2%2Fmedia&parent=706"}],"curies":[{"name":"wp","href":"https:\/\/api.w.org\/{rel}","templated":true}]}}