{"id":700,"date":"2025-10-19T14:05:29","date_gmt":"2025-10-19T14:05:29","guid":{"rendered":"https:\/\/apsa.new.brandshow.pt\/?page_id=700"},"modified":"2025-10-19T14:05:29","modified_gmt":"2025-10-19T14:05:29","slug":"aluguer-de-espacos","status":"publish","type":"page","link":"https:\/\/apsa.new.brandshow.pt\/?page_id=700","title":{"rendered":"Aluguer de Espa\u00e7os"},"content":{"rendered":"\n<p>A Casa Grande \u00e9 uma casa agr\u00edcola do s\u00e9c. XVI reabilitada pela APSA. \u00c9 um espa\u00e7o \u00fanico que promove a autonomia e empregabilidade de pessoas com S\u00edndrome de Asperger atrav\u00e9s da inclus\u00e3o social e comunit\u00e1ria.<\/p>\n\n\n\n<p>Para apoiar a APSA, pode alugar espa\u00e7os da Casa\u00a0Grande para os seus eventos: festas de anivers\u00e1rio, baptizados, casamentos, cocktails e muito mais. Ao organizar o seu evento aqui, est\u00e1 a contribuir para a miss\u00e3o da APSA e a ajudar a capacitar jovens e adultos com S\u00edndrome de Asperger.<\/p>\n\n\n\n<ul class=\"wp-block-list\">\n<li>Jardim Superior<\/li>\n<li>Jardim Inferior<\/li>\n<li>P\u00e1teo<\/li>\n<li>Terra\u00e7o<\/li>\n<li>Salas de apoio<\/li>\n<li>Sal\u00e3o Nobre<\/li>\n<\/ul>\n\n\n\n<p>Notas: todos os espa\u00e7os incluem acesso \u00e0 copa e a uma sala de apoio; h\u00e1 estacionamento gratuito; est\u00e3o encerrados durante o m\u00eas de Agosto. Os eventos em dias \u00fatis podem decorrer entre as 17h30 e as 21h30, e ao fim\u2011de\u2011semana e feriados entre as 9h30 e as 20h30.<\/p>\n\n\n\n<p>Para solicitar um or\u00e7amento ou obter mais informa\u00e7\u00f5es, contacte a APSA indicando o n\u00famero de convidados, data e tipo de evento.<\/p>\n","protected":false},"excerpt":{"rendered":"<p>A Casa Grande \u00e9 uma casa agr\u00edcola do s\u00e9c. XVI reabilitada pela APSA. \u00c9 um espa\u00e7o \u00fanico que promove a autonomia e empregabilidade de pessoas com S\u00edndrome de Asperger atrav\u00e9s da inclus\u00e3o social e comunit\u00e1ria. Para apoiar a APSA, pode alugar espa\u00e7os da Casa\u00a0Grande para os seus eventos: festas de anivers\u00e1rio, baptizados, casamentos, cocktails e [&hellip;]<\/p>\n","protected":false},"author":2,"featured_media":0,"parent":0,"menu_order":0,"comment_status":"closed","ping_status":"closed","template":"","meta":{"_acf_changed":false,"give_campaign_id":0,"_monsterinsights_skip_tracking":false,"_monsterinsights_sitenote_active":false,"_monsterinsights_sitenote_note":"","_monsterinsights_sitenote_category":0,"footnotes":""},"class_list":["post-700","page","type-page","status-publish","hentry"],"acf":[],"aioseo_notices":[],"campaignId":"","_links":{"self":[{"href":"https:\/\/apsa.new.brandshow.pt\/index.php?rest_route=\/wp\/v2\/pages\/700","targetHints":{"allow":["GET"]}}],"collection":[{"href":"https:\/\/apsa.new.brandshow.pt\/index.php?rest_route=\/wp\/v2\/pages"}],"about":[{"href":"https:\/\/apsa.new.brandshow.pt\/index.php?rest_route=\/wp\/v2\/types\/page"}],"author":[{"embeddable":true,"href":"https:\/\/apsa.new.brandshow.pt\/index.php?rest_route=\/wp\/v2\/users\/2"}],"replies":[{"embeddable":true,"href":"https:\/\/apsa.new.brandshow.pt\/index.php?rest_route=%2Fwp%2Fv2%2Fcomments&post=700"}],"version-history":[{"count":1,"href":"https:\/\/apsa.new.brandshow.pt\/index.php?rest_route=\/wp\/v2\/pages\/700\/revisions"}],"predecessor-version":[{"id":851,"href":"https:\/\/apsa.new.brandshow.pt\/index.php?rest_route=\/wp\/v2\/pages\/700\/revisions\/851"}],"wp:attachment":[{"href":"https:\/\/apsa.new.brandshow.pt\/index.php?rest_route=%2Fwp%2Fv2%2Fmedia&parent=700"}],"curies":[{"name":"wp","href":"https:\/\/api.w.org\/{rel}","templated":true}]}}