{"id":696,"date":"2025-10-19T14:35:13","date_gmt":"2025-10-19T14:35:13","guid":{"rendered":"https:\/\/apsa.new.brandshow.pt\/?page_id=696"},"modified":"2025-10-19T14:35:13","modified_gmt":"2025-10-19T14:35:13","slug":"donativos","status":"publish","type":"page","link":"https:\/\/apsa.new.brandshow.pt\/?page_id=696","title":{"rendered":"Donativos"},"content":{"rendered":"\n<p>Ajudar a APSA significa contribuir para a integra\u00e7\u00e3o social e desenvolvimento de pessoas com S\u00edndrome de Asperger. O seu donativo faz a diferen\u00e7a.<\/p>\n\n\n\n<p>As formas de apoiar incluem:<\/p>\n\n\n\n<ul class=\"wp-block-list\">\n<li>Transfer\u00eancia banc\u00e1ria para o IBAN: <strong>PT50 0010 0000 4637 6380 0011 3<\/strong>.<\/li>\n<li>MB WAY: <strong>961\u00a0041\u00a0214<\/strong> (associe ao contacto da APSA e indique o seu nome).<\/li>\n<li>Cheque ou vale postal dirigido \u00e0 APSA.<\/li>\n<\/ul>\n\n\n\n<p>Para receber um recibo de donativo, envie-nos os seus dados (nome, NIF, morada) para <a href=\"mailto:geral@apsa.org.pt\">geral@apsa.org.pt<\/a> ou contacte o <strong>+351\u00a0217\u00a0119\u00a0100<\/strong>.<\/p>\n\n\n\n<p>Obrigado pelo seu apoio!<\/p>\n","protected":false},"excerpt":{"rendered":"<p>Ajudar a APSA significa contribuir para a integra\u00e7\u00e3o social e desenvolvimento de pessoas com S\u00edndrome de Asperger. O seu donativo faz a diferen\u00e7a. As formas de apoiar incluem: Transfer\u00eancia banc\u00e1ria para o IBAN: PT50 0010 0000 4637 6380 0011 3. MB WAY: 961\u00a0041\u00a0214 (associe ao contacto da APSA e indique o seu nome). Cheque ou [&hellip;]<\/p>\n","protected":false},"author":2,"featured_media":0,"parent":0,"menu_order":0,"comment_status":"closed","ping_status":"closed","template":"","meta":{"_acf_changed":false,"give_campaign_id":0,"_monsterinsights_skip_tracking":false,"_monsterinsights_sitenote_active":false,"_monsterinsights_sitenote_note":"","_monsterinsights_sitenote_category":0,"footnotes":""},"class_list":["post-696","page","type-page","status-publish","hentry"],"acf":[],"aioseo_notices":[],"campaignId":"","_links":{"self":[{"href":"https:\/\/apsa.new.brandshow.pt\/index.php?rest_route=\/wp\/v2\/pages\/696","targetHints":{"allow":["GET"]}}],"collection":[{"href":"https:\/\/apsa.new.brandshow.pt\/index.php?rest_route=\/wp\/v2\/pages"}],"about":[{"href":"https:\/\/apsa.new.brandshow.pt\/index.php?rest_route=\/wp\/v2\/types\/page"}],"author":[{"embeddable":true,"href":"https:\/\/apsa.new.brandshow.pt\/index.php?rest_route=\/wp\/v2\/users\/2"}],"replies":[{"embeddable":true,"href":"https:\/\/apsa.new.brandshow.pt\/index.php?rest_route=%2Fwp%2Fv2%2Fcomments&post=696"}],"version-history":[{"count":1,"href":"https:\/\/apsa.new.brandshow.pt\/index.php?rest_route=\/wp\/v2\/pages\/696\/revisions"}],"predecessor-version":[{"id":697,"href":"https:\/\/apsa.new.brandshow.pt\/index.php?rest_route=\/wp\/v2\/pages\/696\/revisions\/697"}],"wp:attachment":[{"href":"https:\/\/apsa.new.brandshow.pt\/index.php?rest_route=%2Fwp%2Fv2%2Fmedia&parent=696"}],"curies":[{"name":"wp","href":"https:\/\/api.w.org\/{rel}","templated":true}]}}