{"id":685,"date":"2025-10-19T14:06:51","date_gmt":"2025-10-19T14:06:51","guid":{"rendered":"https:\/\/apsa.new.brandshow.pt\/?page_id=685"},"modified":"2025-10-19T14:06:51","modified_gmt":"2025-10-19T14:06:51","slug":"documentacao","status":"publish","type":"page","link":"https:\/\/apsa.new.brandshow.pt\/?page_id=685","title":{"rendered":"Documenta\u00e7\u00e3o"},"content":{"rendered":"\n<p>Em breve disponibilizaremos documentos oficiais, relat\u00f3rios, estatutos e outros materiais institucionais relacionados com a APSA.<\/p>\n\n\n\n<p>Este espa\u00e7o servir\u00e1 como reposit\u00f3rio de documenta\u00e7\u00e3o para associados, parceiros e todos os interessados nas actividades e projectos da associa\u00e7\u00e3o.<\/p>\n","protected":false},"excerpt":{"rendered":"<p>Em breve disponibilizaremos documentos oficiais, relat\u00f3rios, estatutos e outros materiais institucionais relacionados com a APSA. Este espa\u00e7o servir\u00e1 como reposit\u00f3rio de documenta\u00e7\u00e3o para associados, parceiros e todos os interessados nas actividades e projectos da associa\u00e7\u00e3o.<\/p>\n","protected":false},"author":2,"featured_media":0,"parent":0,"menu_order":0,"comment_status":"closed","ping_status":"closed","template":"","meta":{"_acf_changed":false,"give_campaign_id":0,"_monsterinsights_skip_tracking":false,"_monsterinsights_sitenote_active":false,"_monsterinsights_sitenote_note":"","_monsterinsights_sitenote_category":0,"footnotes":""},"class_list":["post-685","page","type-page","status-publish","hentry"],"acf":[],"aioseo_notices":[],"campaignId":"","_links":{"self":[{"href":"https:\/\/apsa.new.brandshow.pt\/index.php?rest_route=\/wp\/v2\/pages\/685","targetHints":{"allow":["GET"]}}],"collection":[{"href":"https:\/\/apsa.new.brandshow.pt\/index.php?rest_route=\/wp\/v2\/pages"}],"about":[{"href":"https:\/\/apsa.new.brandshow.pt\/index.php?rest_route=\/wp\/v2\/types\/page"}],"author":[{"embeddable":true,"href":"https:\/\/apsa.new.brandshow.pt\/index.php?rest_route=\/wp\/v2\/users\/2"}],"replies":[{"embeddable":true,"href":"https:\/\/apsa.new.brandshow.pt\/index.php?rest_route=%2Fwp%2Fv2%2Fcomments&post=685"}],"version-history":[{"count":1,"href":"https:\/\/apsa.new.brandshow.pt\/index.php?rest_route=\/wp\/v2\/pages\/685\/revisions"}],"predecessor-version":[{"id":854,"href":"https:\/\/apsa.new.brandshow.pt\/index.php?rest_route=\/wp\/v2\/pages\/685\/revisions\/854"}],"wp:attachment":[{"href":"https:\/\/apsa.new.brandshow.pt\/index.php?rest_route=%2Fwp%2Fv2%2Fmedia&parent=685"}],"curies":[{"name":"wp","href":"https:\/\/api.w.org\/{rel}","templated":true}]}}