{"id":684,"date":"2025-10-19T14:40:31","date_gmt":"2025-10-19T14:40:31","guid":{"rendered":"https:\/\/apsa.new.brandshow.pt\/?page_id=684"},"modified":"2025-10-19T14:40:31","modified_gmt":"2025-10-19T14:40:31","slug":"testemunhos","status":"publish","type":"page","link":"https:\/\/apsa.new.brandshow.pt\/?page_id=684","title":{"rendered":"Testemunhos"},"content":{"rendered":"\n<p>Partilhamos alguns testemunhos de pessoas com S\u00edndrome de Asperger, pais, fam\u00edlias e amigos, de modo a promover a compreens\u00e3o e partilha de experi\u00eancias.<\/p>\n\n\n\n<p>Conhe\u00e7a aqui os testemunhos dados no \u00e2mbito de um Gui\u00e3o de Implementa\u00e7\u00e3o do PIT (Programa Individual de Transi\u00e7\u00e3o) que pretendem ajudar quem est\u00e1 a enfrentar desafios semelhantes.<\/p>\n\n\n\n<p>Mais hist\u00f3rias e depoimentos ser\u00e3o adicionados em breve.<\/p>\n","protected":false},"excerpt":{"rendered":"<p>Partilhamos alguns testemunhos de pessoas com S\u00edndrome de Asperger, pais, fam\u00edlias e amigos, de modo a promover a compreens\u00e3o e partilha de experi\u00eancias. Conhe\u00e7a aqui os testemunhos dados no \u00e2mbito de um Gui\u00e3o de Implementa\u00e7\u00e3o do PIT (Programa Individual de Transi\u00e7\u00e3o) que pretendem ajudar quem est\u00e1 a enfrentar desafios semelhantes. Mais hist\u00f3rias e depoimentos ser\u00e3o [&hellip;]<\/p>\n","protected":false},"author":2,"featured_media":0,"parent":0,"menu_order":0,"comment_status":"closed","ping_status":"closed","template":"","meta":{"_acf_changed":false,"give_campaign_id":0,"_monsterinsights_skip_tracking":false,"_monsterinsights_sitenote_active":false,"_monsterinsights_sitenote_note":"","_monsterinsights_sitenote_category":0,"footnotes":""},"class_list":["post-684","page","type-page","status-publish","hentry"],"acf":[],"aioseo_notices":[],"campaignId":"","_links":{"self":[{"href":"https:\/\/apsa.new.brandshow.pt\/index.php?rest_route=\/wp\/v2\/pages\/684","targetHints":{"allow":["GET"]}}],"collection":[{"href":"https:\/\/apsa.new.brandshow.pt\/index.php?rest_route=\/wp\/v2\/pages"}],"about":[{"href":"https:\/\/apsa.new.brandshow.pt\/index.php?rest_route=\/wp\/v2\/types\/page"}],"author":[{"embeddable":true,"href":"https:\/\/apsa.new.brandshow.pt\/index.php?rest_route=\/wp\/v2\/users\/2"}],"replies":[{"embeddable":true,"href":"https:\/\/apsa.new.brandshow.pt\/index.php?rest_route=%2Fwp%2Fv2%2Fcomments&post=684"}],"version-history":[{"count":1,"href":"https:\/\/apsa.new.brandshow.pt\/index.php?rest_route=\/wp\/v2\/pages\/684\/revisions"}],"predecessor-version":[{"id":859,"href":"https:\/\/apsa.new.brandshow.pt\/index.php?rest_route=\/wp\/v2\/pages\/684\/revisions\/859"}],"wp:attachment":[{"href":"https:\/\/apsa.new.brandshow.pt\/index.php?rest_route=%2Fwp%2Fv2%2Fmedia&parent=684"}],"curies":[{"name":"wp","href":"https:\/\/api.w.org\/{rel}","templated":true}]}}