{"id":663,"date":"2025-10-19T14:05:44","date_gmt":"2025-10-19T14:05:44","guid":{"rendered":"https:\/\/apsa.new.brandshow.pt\/?page_id=663"},"modified":"2025-10-19T14:05:44","modified_gmt":"2025-10-19T14:05:44","slug":"bullying-no-autismo","status":"publish","type":"page","link":"https:\/\/apsa.new.brandshow.pt\/?page_id=663","title":{"rendered":"Bullying no Autismo"},"content":{"rendered":"\n<p>Em 2015, a APSA \u2013 Associa\u00e7\u00e3o Portuguesa de S\u00edndrome de Asperger, com o apoio do BPI Capacitar, lan\u00e7ou uma campanha de preven\u00e7\u00e3o sobre o bullying no Autismo. Esta iniciativa teve como objetivo sensibilizar para as caracter\u00edsticas das pessoas com S\u00edndrome de Asperger, uma perturba\u00e7\u00e3o do espectro do autismo, e alertar para as situa\u00e7\u00f5es de bullying a que estas pessoas podem estar sujeitas.<\/p>\n\n\n\n<h3 class=\"wp-block-heading\">Objetivos da campanha<\/h3>\n\n\n\n<ul class=\"wp-block-list\">\n<li>Melhorar a compreens\u00e3o das perturba\u00e7\u00f5es do espectro do autismo.<\/li>\n<li>Melhorar a gest\u00e3o na rela\u00e7\u00e3o interpessoal.<\/li>\n<li>Desencadear mecanismos de preven\u00e7\u00e3o.<\/li>\n<li>Promover a altera\u00e7\u00e3o de atitudes e comportamentos no sentido de uma maior toler\u00e2ncia e inclus\u00e3o.<\/li>\n<\/ul>\n\n\n\n<h3 class=\"wp-block-heading\">A\u00e7\u00f5es desenvolvidas<\/h3>\n\n\n\n<ul class=\"wp-block-list\">\n<li>A APSA dinamizou em 2015 tr\u00eas eventos de sensibiliza\u00e7\u00e3o em Coimbra (setembro), Porto (outubro) e Lisboa (novembro) destinados a profissionais da educa\u00e7\u00e3o e da sa\u00fade, pessoas com SA, familiares e todos os interessados.<\/li>\n<\/ul>\n\n\n\n<h3 class=\"wp-block-heading\">Recursos e mais informa\u00e7\u00f5es<\/h3>\n\n\n\n<ul class=\"wp-block-list\">\n<li>Site da campanha: <a href=\"http:\/\/comunicarapsa.wix.com\/bullying-no-autismo\/\" target=\"_blank\" rel=\"noopener\">comunicarapsa.wix.com\/bullying-no-autismo<\/a><\/li>\n<li>P\u00e1gina de Facebook: <a href=\"https:\/\/www.facebook.com\/bullyingnoautismo\/\" target=\"_blank\" rel=\"noopener\">facebook.com\/bullyingnoautismo<\/a><\/li>\n<li>Guia de Sensibiliza\u00e7\u00e3o (1.\u00ba, 2.\u00ba e 3.\u00ba ciclos): <a href=\"http:\/\/media.wix.com\/ugd\/bala03_fb79597b2a05432496e94c3c9c78c53d.pdf\" target=\"_blank\" rel=\"noopener\">PDF<\/a><\/li>\n<li>V\u00eddeo de preven\u00e7\u00e3o: <a href=\"https:\/\/youtu.be\/2IKuP4ez3As\" target=\"_blank\" rel=\"noopener\">YouTube<\/a><\/li>\n<\/ul>\n\n\n\n<p>Para saber mais sobre esta campanha e as a\u00e7\u00f5es da APSA, contacte-nos atrav\u00e9s do email comunicar@apsa.org.pt.<\/p>\n","protected":false},"excerpt":{"rendered":"<p>Em 2015, a APSA \u2013 Associa\u00e7\u00e3o Portuguesa de S\u00edndrome de Asperger, com o apoio do BPI Capacitar, lan\u00e7ou uma campanha de preven\u00e7\u00e3o sobre o bullying no Autismo. Esta iniciativa teve como objetivo sensibilizar para as caracter\u00edsticas das pessoas com S\u00edndrome de Asperger, uma perturba\u00e7\u00e3o do espectro do autismo, e alertar para as situa\u00e7\u00f5es de bullying [&hellip;]<\/p>\n","protected":false},"author":2,"featured_media":0,"parent":0,"menu_order":0,"comment_status":"closed","ping_status":"closed","template":"","meta":{"_acf_changed":false,"give_campaign_id":0,"_monsterinsights_skip_tracking":false,"_monsterinsights_sitenote_active":false,"_monsterinsights_sitenote_note":"","_monsterinsights_sitenote_category":0,"footnotes":""},"class_list":["post-663","page","type-page","status-publish","hentry"],"acf":[],"aioseo_notices":[],"campaignId":"","_links":{"self":[{"href":"https:\/\/apsa.new.brandshow.pt\/index.php?rest_route=\/wp\/v2\/pages\/663","targetHints":{"allow":["GET"]}}],"collection":[{"href":"https:\/\/apsa.new.brandshow.pt\/index.php?rest_route=\/wp\/v2\/pages"}],"about":[{"href":"https:\/\/apsa.new.brandshow.pt\/index.php?rest_route=\/wp\/v2\/types\/page"}],"author":[{"embeddable":true,"href":"https:\/\/apsa.new.brandshow.pt\/index.php?rest_route=\/wp\/v2\/users\/2"}],"replies":[{"embeddable":true,"href":"https:\/\/apsa.new.brandshow.pt\/index.php?rest_route=%2Fwp%2Fv2%2Fcomments&post=663"}],"version-history":[{"count":1,"href":"https:\/\/apsa.new.brandshow.pt\/index.php?rest_route=\/wp\/v2\/pages\/663\/revisions"}],"predecessor-version":[{"id":664,"href":"https:\/\/apsa.new.brandshow.pt\/index.php?rest_route=\/wp\/v2\/pages\/663\/revisions\/664"}],"wp:attachment":[{"href":"https:\/\/apsa.new.brandshow.pt\/index.php?rest_route=%2Fwp%2Fv2%2Fmedia&parent=663"}],"curies":[{"name":"wp","href":"https:\/\/api.w.org\/{rel}","templated":true}]}}