{"id":661,"date":"2025-10-19T14:50:00","date_gmt":"2025-10-19T14:50:00","guid":{"rendered":"https:\/\/apsa.new.brandshow.pt\/?page_id=661"},"modified":"2025-10-19T14:50:00","modified_gmt":"2025-10-19T14:50:00","slug":"f-a-q","status":"publish","type":"page","link":"https:\/\/apsa.new.brandshow.pt\/?page_id=661","title":{"rendered":"F.A.Q."},"content":{"rendered":"\n<p>Nesta sec\u00e7\u00e3o, reunimos respostas \u00e0s perguntas mais frequentes sobre a S\u00edndrome de Asperger e o trabalho da APSA.<\/p>\n\n\n\n<p><strong>O que \u00e9 a S\u00edndrome de Asperger?<\/strong><br\/>A S\u00edndrome de Asperger \u00e9 uma perturba\u00e7\u00e3o do espectro do autismo caracterizada por dificuldades na comunica\u00e7\u00e3o e intera\u00e7\u00e3o social, associadas a padr\u00f5es de comportamento repetitivos e interesses espec\u00edficos.<\/p>\n\n\n\n<p><strong>Como \u00e9 feito o diagn\u00f3stico?<\/strong><br\/>O diagn\u00f3stico deve ser realizado por profissionais de sa\u00fade mental (psic\u00f3logos, psiquiatras ou neuropediatras) com experi\u00eancia no espectro do autismo. A avalia\u00e7\u00e3o inclui observa\u00e7\u00e3o comportamental e entrevistas com a pessoa e a fam\u00edlia.<\/p>\n\n\n\n<p><strong>Como posso contactar a APSA?<\/strong><br\/>Pode entrar em contacto connosco atrav\u00e9s do telefone +351\u00a0217\u00a0119\u00a0100 ou do e-mail <a href=\"mailto:geral@apsa.org.pt\">geral@apsa.org.pt<\/a>. Tamb\u00e9m pode visitar a nossa p\u00e1gina de Contactos para mais informa\u00e7\u00f5es.<\/p>\n\n\n\n<p><strong>Quais s\u00e3o as formas de apoiar a APSA?<\/strong><br\/>Pode apoiar tornando-se associado, fazendo um donativo ou participando como volunt\u00e1rio nas nossas actividades e eventos. Consulte a p\u00e1gina \u201cSer Associado\u201d e a sec\u00e7\u00e3o \u201cComo Apoiar\u201d (a disponibilizar em breve) para saber mais.<\/p>\n","protected":false},"excerpt":{"rendered":"<p>Nesta sec\u00e7\u00e3o, reunimos respostas \u00e0s perguntas mais frequentes sobre a S\u00edndrome de Asperger e o trabalho da APSA. O que \u00e9 a S\u00edndrome de Asperger?A S\u00edndrome de Asperger \u00e9 uma perturba\u00e7\u00e3o do espectro do autismo caracterizada por dificuldades na comunica\u00e7\u00e3o e intera\u00e7\u00e3o social, associadas a padr\u00f5es de comportamento repetitivos e interesses espec\u00edficos. Como \u00e9 feito [&hellip;]<\/p>\n","protected":false},"author":2,"featured_media":0,"parent":0,"menu_order":0,"comment_status":"closed","ping_status":"closed","template":"","meta":{"_acf_changed":false,"give_campaign_id":0,"_monsterinsights_skip_tracking":false,"_monsterinsights_sitenote_active":false,"_monsterinsights_sitenote_note":"","_monsterinsights_sitenote_category":0,"footnotes":""},"class_list":["post-661","page","type-page","status-publish","hentry"],"acf":[],"aioseo_notices":[],"campaignId":"","_links":{"self":[{"href":"https:\/\/apsa.new.brandshow.pt\/index.php?rest_route=\/wp\/v2\/pages\/661","targetHints":{"allow":["GET"]}}],"collection":[{"href":"https:\/\/apsa.new.brandshow.pt\/index.php?rest_route=\/wp\/v2\/pages"}],"about":[{"href":"https:\/\/apsa.new.brandshow.pt\/index.php?rest_route=\/wp\/v2\/types\/page"}],"author":[{"embeddable":true,"href":"https:\/\/apsa.new.brandshow.pt\/index.php?rest_route=\/wp\/v2\/users\/2"}],"replies":[{"embeddable":true,"href":"https:\/\/apsa.new.brandshow.pt\/index.php?rest_route=%2Fwp%2Fv2%2Fcomments&post=661"}],"version-history":[{"count":1,"href":"https:\/\/apsa.new.brandshow.pt\/index.php?rest_route=\/wp\/v2\/pages\/661\/revisions"}],"predecessor-version":[{"id":860,"href":"https:\/\/apsa.new.brandshow.pt\/index.php?rest_route=\/wp\/v2\/pages\/661\/revisions\/860"}],"wp:attachment":[{"href":"https:\/\/apsa.new.brandshow.pt\/index.php?rest_route=%2Fwp%2Fv2%2Fmedia&parent=661"}],"curies":[{"name":"wp","href":"https:\/\/api.w.org\/{rel}","templated":true}]}}