{"id":656,"date":"2025-10-19T14:50:00","date_gmt":"2025-10-19T14:50:00","guid":{"rendered":"https:\/\/apsa.new.brandshow.pt\/?page_id=656"},"modified":"2025-10-19T14:50:00","modified_gmt":"2025-10-19T14:50:00","slug":"contactos","status":"publish","type":"page","link":"https:\/\/apsa.new.brandshow.pt\/?page_id=656","title":{"rendered":"Contactos"},"content":{"rendered":"\n<p>Entre em contacto connosco para obter informa\u00e7\u00f5es, apoio ou esclarecer d\u00favidas sobre a s\u00edndrome de Asperger e as actividades da APSA.<\/p>\n\n\n\n<ul class=\"wp-block-list\">\n<li><strong>Telefone geral:<\/strong> +351\u00a0217\u00a0119\u00a0100<\/li>\n<li><strong>Email:<\/strong> geral@apsa.org.pt<\/li>\n<li><strong>MB\u00a0WAY para donativos:<\/strong> 961\u00a0041\u00a0214<\/li>\n<li><strong>Morada:<\/strong> Lisboa (Portugal) \u2013 sede da APSA<\/li>\n<\/ul>\n\n\n\n<p>Em breve disponibilizaremos um formul\u00e1rio de contacto e mais detalhes para que possa falar connosco de forma c\u00f4moda.<\/p>\n","protected":false},"excerpt":{"rendered":"<p>Entre em contacto connosco para obter informa\u00e7\u00f5es, apoio ou esclarecer d\u00favidas sobre a s\u00edndrome de Asperger e as actividades da APSA. Telefone geral: +351\u00a0217\u00a0119\u00a0100 Email: geral@apsa.org.pt MB\u00a0WAY para donativos: 961\u00a0041\u00a0214 Morada: Lisboa (Portugal) \u2013 sede da APSA Em breve disponibilizaremos um formul\u00e1rio de contacto e mais detalhes para que possa falar connosco de forma c\u00f4moda.<\/p>\n","protected":false},"author":2,"featured_media":0,"parent":0,"menu_order":0,"comment_status":"closed","ping_status":"closed","template":"","meta":{"_acf_changed":false,"give_campaign_id":0,"_monsterinsights_skip_tracking":false,"_monsterinsights_sitenote_active":false,"_monsterinsights_sitenote_note":"","_monsterinsights_sitenote_category":0,"footnotes":""},"class_list":["post-656","page","type-page","status-publish","hentry"],"acf":[],"aioseo_notices":[],"campaignId":"","_links":{"self":[{"href":"https:\/\/apsa.new.brandshow.pt\/index.php?rest_route=\/wp\/v2\/pages\/656","targetHints":{"allow":["GET"]}}],"collection":[{"href":"https:\/\/apsa.new.brandshow.pt\/index.php?rest_route=\/wp\/v2\/pages"}],"about":[{"href":"https:\/\/apsa.new.brandshow.pt\/index.php?rest_route=\/wp\/v2\/types\/page"}],"author":[{"embeddable":true,"href":"https:\/\/apsa.new.brandshow.pt\/index.php?rest_route=\/wp\/v2\/users\/2"}],"replies":[{"embeddable":true,"href":"https:\/\/apsa.new.brandshow.pt\/index.php?rest_route=%2Fwp%2Fv2%2Fcomments&post=656"}],"version-history":[{"count":1,"href":"https:\/\/apsa.new.brandshow.pt\/index.php?rest_route=\/wp\/v2\/pages\/656\/revisions"}],"predecessor-version":[{"id":861,"href":"https:\/\/apsa.new.brandshow.pt\/index.php?rest_route=\/wp\/v2\/pages\/656\/revisions\/861"}],"wp:attachment":[{"href":"https:\/\/apsa.new.brandshow.pt\/index.php?rest_route=%2Fwp%2Fv2%2Fmedia&parent=656"}],"curies":[{"name":"wp","href":"https:\/\/api.w.org\/{rel}","templated":true}]}}