{"id":648,"date":"2025-10-19T14:06:58","date_gmt":"2025-10-19T14:06:58","guid":{"rendered":"https:\/\/apsa.new.brandshow.pt\/?page_id=648"},"modified":"2025-10-19T14:06:58","modified_gmt":"2025-10-19T14:06:58","slug":"comunidade-cientifica","status":"publish","type":"page","link":"https:\/\/apsa.new.brandshow.pt\/?page_id=648","title":{"rendered":"Comunidade Cient\u00edfica"},"content":{"rendered":"\n<p>Nesta p\u00e1gina iremos disponibilizar informa\u00e7\u00f5es sobre a comunidade cient\u00edfica dedicada ao estudo da S\u00edndrome de Asperger. Em breve, ter\u00e1 aqui acesso a artigos, estudos e refer\u00eancias de investigadores e institui\u00e7\u00f5es que se dedicam ao tema.<\/p>\n\n\n\n<p>Obrigado pela sua paci\u00eancia enquanto preparamos estes conte\u00fados.<\/p>\n","protected":false},"excerpt":{"rendered":"<p>Nesta p\u00e1gina iremos disponibilizar informa\u00e7\u00f5es sobre a comunidade cient\u00edfica dedicada ao estudo da S\u00edndrome de Asperger. Em breve, ter\u00e1 aqui acesso a artigos, estudos e refer\u00eancias de investigadores e institui\u00e7\u00f5es que se dedicam ao tema. Obrigado pela sua paci\u00eancia enquanto preparamos estes conte\u00fados.<\/p>\n","protected":false},"author":2,"featured_media":0,"parent":0,"menu_order":0,"comment_status":"closed","ping_status":"closed","template":"","meta":{"_acf_changed":false,"give_campaign_id":0,"_monsterinsights_skip_tracking":false,"_monsterinsights_sitenote_active":false,"_monsterinsights_sitenote_note":"","_monsterinsights_sitenote_category":0,"footnotes":""},"class_list":["post-648","page","type-page","status-publish","hentry"],"acf":[],"aioseo_notices":[],"campaignId":"","_links":{"self":[{"href":"https:\/\/apsa.new.brandshow.pt\/index.php?rest_route=\/wp\/v2\/pages\/648","targetHints":{"allow":["GET"]}}],"collection":[{"href":"https:\/\/apsa.new.brandshow.pt\/index.php?rest_route=\/wp\/v2\/pages"}],"about":[{"href":"https:\/\/apsa.new.brandshow.pt\/index.php?rest_route=\/wp\/v2\/types\/page"}],"author":[{"embeddable":true,"href":"https:\/\/apsa.new.brandshow.pt\/index.php?rest_route=\/wp\/v2\/users\/2"}],"replies":[{"embeddable":true,"href":"https:\/\/apsa.new.brandshow.pt\/index.php?rest_route=%2Fwp%2Fv2%2Fcomments&post=648"}],"version-history":[{"count":1,"href":"https:\/\/apsa.new.brandshow.pt\/index.php?rest_route=\/wp\/v2\/pages\/648\/revisions"}],"predecessor-version":[{"id":649,"href":"https:\/\/apsa.new.brandshow.pt\/index.php?rest_route=\/wp\/v2\/pages\/648\/revisions\/649"}],"wp:attachment":[{"href":"https:\/\/apsa.new.brandshow.pt\/index.php?rest_route=%2Fwp%2Fv2%2Fmedia&parent=648"}],"curies":[{"name":"wp","href":"https:\/\/api.w.org\/{rel}","templated":true}]}}