{"id":645,"date":"2025-10-19T14:50:00","date_gmt":"2025-10-19T14:50:00","guid":{"rendered":"https:\/\/apsa.new.brandshow.pt\/?page_id=645"},"modified":"2025-10-19T14:50:00","modified_gmt":"2025-10-19T14:50:00","slug":"filmes-e-livros","status":"publish","type":"page","link":"https:\/\/apsa.new.brandshow.pt\/?page_id=645","title":{"rendered":"Filmes e Livros"},"content":{"rendered":"\n<p>Nesta p\u00e1gina, encontrar\u00e1 recomenda\u00e7\u00f5es de filmes e livros relacionados com a S\u00edndrome de Asperger e o espectro do autismo. Estas obras ajudam a compreender melhor esta condi\u00e7\u00e3o e promover a empatia.<\/p>\n\n\n\n<ul class=\"wp-block-list\">\n<li>Le Cerveau d\u2019Hugo<\/li>\n\n\n\n<li>My Name is Khan<\/li>\n\n\n\n<li>Snow Cake<\/li>\n\n\n\n<li>Shine<\/li>\n\n\n\n<li>Rain Man<\/li>\n\n\n\n<li>I Am Sam<\/li>\n\n\n\n<li>Mozart and the Whale<\/li>\n\n\n\n<li>Outros t\u00edtulos e sugest\u00f5es a adicionar brevemente<\/li>\n<\/ul>\n\n\n\n<p>Estamos a preparar uma lista de livros recomendados. Agradecemos a sua compreens\u00e3o.<\/p>\n","protected":false},"excerpt":{"rendered":"<p>Nesta p\u00e1gina, encontrar\u00e1 recomenda\u00e7\u00f5es de filmes e livros relacionados com a S\u00edndrome de Asperger e o espectro do autismo. Estas obras ajudam a compreender melhor esta condi\u00e7\u00e3o e promover a empatia. Estamos a preparar uma lista de livros recomendados. Agradecemos a sua compreens\u00e3o.<\/p>\n","protected":false},"author":2,"featured_media":0,"parent":0,"menu_order":0,"comment_status":"closed","ping_status":"closed","template":"","meta":{"_acf_changed":false,"give_campaign_id":0,"_monsterinsights_skip_tracking":false,"_monsterinsights_sitenote_active":false,"_monsterinsights_sitenote_note":"","_monsterinsights_sitenote_category":0,"footnotes":""},"class_list":["post-645","page","type-page","status-publish","hentry"],"acf":[],"aioseo_notices":[],"campaignId":"","_links":{"self":[{"href":"https:\/\/apsa.new.brandshow.pt\/index.php?rest_route=\/wp\/v2\/pages\/645","targetHints":{"allow":["GET"]}}],"collection":[{"href":"https:\/\/apsa.new.brandshow.pt\/index.php?rest_route=\/wp\/v2\/pages"}],"about":[{"href":"https:\/\/apsa.new.brandshow.pt\/index.php?rest_route=\/wp\/v2\/types\/page"}],"author":[{"embeddable":true,"href":"https:\/\/apsa.new.brandshow.pt\/index.php?rest_route=\/wp\/v2\/users\/2"}],"replies":[{"embeddable":true,"href":"https:\/\/apsa.new.brandshow.pt\/index.php?rest_route=%2Fwp%2Fv2%2Fcomments&post=645"}],"version-history":[{"count":1,"href":"https:\/\/apsa.new.brandshow.pt\/index.php?rest_route=\/wp\/v2\/pages\/645\/revisions"}],"predecessor-version":[{"id":646,"href":"https:\/\/apsa.new.brandshow.pt\/index.php?rest_route=\/wp\/v2\/pages\/645\/revisions\/646"}],"wp:attachment":[{"href":"https:\/\/apsa.new.brandshow.pt\/index.php?rest_route=%2Fwp%2Fv2%2Fmedia&parent=645"}],"curies":[{"name":"wp","href":"https:\/\/api.w.org\/{rel}","templated":true}]}}