{"id":644,"date":"2025-10-19T14:50:00","date_gmt":"2025-10-19T14:50:00","guid":{"rendered":"https:\/\/apsa.new.brandshow.pt\/?page_id=644"},"modified":"2025-10-26T00:12:41","modified_gmt":"2025-10-26T00:12:41","slug":"historia","status":"publish","type":"page","link":"https:\/\/apsa.new.brandshow.pt\/?page_id=644","title":{"rendered":"Hist\u00f3ria"},"content":{"rendered":"\n<p>A APSA \u2013 Associa\u00e7\u00e3o Portuguesa de S\u00edndrome de Asperger \u00e9 uma Institui\u00e7\u00e3o Particular de Solidariedade Social (IPSS) sem fins lucrativos, fundada em Lisboa a 7&nbsp;de&nbsp;novembro de 2003 por vontade de um grupo de pais. Ao longo de mais de 18 anos, a APSA tem organizado diversas actividades e iniciativas que marcam a sua hist\u00f3ria.<\/p>\n\n\n\n<ul class=\"wp-block-list\">\n<li><strong>Jantar do 13\u00ba\u00a0Anivers\u00e1rio (2016):<\/strong> No dia 22\u00a0de\u00a0novembro de\u00a02016, a APSA celebrou o 13\u00ba anivers\u00e1rio com um jantar de angaria\u00e7\u00e3o de fundos na C\u00e2mara de Com\u00e9rcio e Ind\u00fastria Portuguesa em Lisboa, que reuniu cerca de 140 pessoas.<\/li>\n\n\n\n<li><strong>Concerto Solid\u00e1rio (2018):<\/strong> Em fevereiro de 2018, realizou um concerto solid\u00e1rio no Casino Estoril. O evento contou com v\u00e1rios artistas convidados e destacou os jovens da Casa\u00a0Grande e a banda BAND\u2019APSA.<\/li>\n\n\n\n<li><strong>Edi\u00e7\u00e3o de livros:<\/strong> A APSA publicou v\u00e1rias obras dedicadas \u00e0 S\u00edndrome de Asperger e aos seus congressos, incluindo livros de Tony\u00a0Attwood e actas de confer\u00eancias organizadas pela associa\u00e7\u00e3o (2006\u20112019).<\/li>\n\n\n\n<li><strong>Divulga\u00e7\u00e3o e forma\u00e7\u00e3o:<\/strong> Participa\u00e7\u00e3o e coorganiza\u00e7\u00e3o de congressos, semin\u00e1rios e ac\u00e7\u00f5es de forma\u00e7\u00e3o, como o I e II Congresso Internacional de S\u00edndrome de Asperger, semin\u00e1rios sobre comunica\u00e7\u00e3o, direitos, inclus\u00e3o e defici\u00eancia, e o Projecto Gaivota para forma\u00e7\u00e3o em escolas.<\/li>\n\n\n\n<li><strong>Apoio \u00e0s fam\u00edlias:<\/strong> Promo\u00e7\u00e3o dos \u201cEncontros\u00a0APSA\u201d, momentos de partilha para pais e familiares, e consultas de apoio \u201cEscutar e\u00a0Orientar\u201d conduzidas pela equipa t\u00e9cnica da Casa\u00a0Grande.<\/li>\n\n\n\n<li><strong>Casa\u00a0Grande:<\/strong> Assinatura de protocolo com a C\u00e2mara Municipal de Lisboa para a requalifica\u00e7\u00e3o de um edif\u00edcio e cria\u00e7\u00e3o da Casa\u00a0Grande. A abertura oficial decorreu em janeiro de\u00a02014.<\/li>\n\n\n\n<li><strong>Deleg\u00e3\u00e7\u00e3o Norte:<\/strong> A primeira reuni\u00e3o da delega\u00e7\u00e3o Norte teve lugar em mar\u00e7o de\u00a02005, marcando o nascimento desta estrutura regional.<\/li>\n\n\n\n<li><strong>Instala\u00e7\u00f5es de Guif\u00f5es:<\/strong> Inaugura\u00e7\u00e3o das novas instala\u00e7\u00f5es em Guif\u00f5es (Matosinhos) a 6\u00a0de\u00a0maio de\u00a02016.<\/li>\n\n\n\n<li><strong>CAO Valpedre\/Penafiel:<\/strong> Desenvolvimento e inaugura\u00e7\u00e3o do centro de actividades ocupacionais de Valpedre\/Penafiel em 2015, que encerrou em 2016 devido a dificuldades de ades\u00e3o.<\/li>\n<\/ul>\n\n\n<div class=\"wp-block-image\">\n<figure class=\"aligncenter size-full\"><img fetchpriority=\"high\" decoding=\"async\" width=\"924\" height=\"407\" src=\"https:\/\/apsa.new.brandshow.pt\/wp-content\/uploads\/2025\/10\/image-1.png\" alt=\"\" class=\"wp-image-3170\" srcset=\"https:\/\/apsa.new.brandshow.pt\/wp-content\/uploads\/2025\/10\/image-1.png 924w, https:\/\/apsa.new.brandshow.pt\/wp-content\/uploads\/2025\/10\/image-1-300x132.png 300w, https:\/\/apsa.new.brandshow.pt\/wp-content\/uploads\/2025\/10\/image-1-768x338.png 768w, https:\/\/apsa.new.brandshow.pt\/wp-content\/uploads\/2025\/10\/image-1-600x264.png 600w\" sizes=\"(max-width: 924px) 100vw, 924px\" \/><\/figure>\n<\/div>","protected":false},"excerpt":{"rendered":"<p>A APSA \u2013 Associa\u00e7\u00e3o Portuguesa de S\u00edndrome de Asperger \u00e9 uma Institui\u00e7\u00e3o Particular de Solidariedade Social (IPSS) sem fins lucrativos, fundada em Lisboa a 7&nbsp;de&nbsp;novembro de 2003 por vontade de um grupo de pais. Ao longo de mais de 18 anos, a APSA tem organizado diversas actividades e iniciativas que marcam a sua hist\u00f3ria.<\/p>\n","protected":false},"author":2,"featured_media":0,"parent":0,"menu_order":0,"comment_status":"closed","ping_status":"closed","template":"","meta":{"_acf_changed":false,"give_campaign_id":0,"_monsterinsights_skip_tracking":false,"_monsterinsights_sitenote_active":false,"_monsterinsights_sitenote_note":"","_monsterinsights_sitenote_category":0,"footnotes":""},"class_list":["post-644","page","type-page","status-publish","hentry"],"acf":[],"aioseo_notices":[],"campaignId":"","_links":{"self":[{"href":"https:\/\/apsa.new.brandshow.pt\/index.php?rest_route=\/wp\/v2\/pages\/644","targetHints":{"allow":["GET"]}}],"collection":[{"href":"https:\/\/apsa.new.brandshow.pt\/index.php?rest_route=\/wp\/v2\/pages"}],"about":[{"href":"https:\/\/apsa.new.brandshow.pt\/index.php?rest_route=\/wp\/v2\/types\/page"}],"author":[{"embeddable":true,"href":"https:\/\/apsa.new.brandshow.pt\/index.php?rest_route=\/wp\/v2\/users\/2"}],"replies":[{"embeddable":true,"href":"https:\/\/apsa.new.brandshow.pt\/index.php?rest_route=%2Fwp%2Fv2%2Fcomments&post=644"}],"version-history":[{"count":2,"href":"https:\/\/apsa.new.brandshow.pt\/index.php?rest_route=\/wp\/v2\/pages\/644\/revisions"}],"predecessor-version":[{"id":3171,"href":"https:\/\/apsa.new.brandshow.pt\/index.php?rest_route=\/wp\/v2\/pages\/644\/revisions\/3171"}],"wp:attachment":[{"href":"https:\/\/apsa.new.brandshow.pt\/index.php?rest_route=%2Fwp%2Fv2%2Fmedia&parent=644"}],"curies":[{"name":"wp","href":"https:\/\/api.w.org\/{rel}","templated":true}]}}