{"id":640,"date":"2025-10-19T14:50:00","date_gmt":"2025-10-19T14:50:00","guid":{"rendered":"https:\/\/apsa.new.brandshow.pt\/?page_id=640"},"modified":"2025-10-19T14:50:00","modified_gmt":"2025-10-19T14:50:00","slug":"redes-e-parcerias","status":"publish","type":"page","link":"https:\/\/apsa.new.brandshow.pt\/?page_id=640","title":{"rendered":"Redes e Parcerias"},"content":{"rendered":"\n<p>A APSA integra redes locais, nacionais e internacionais de apoio ao autismo, onde partilha experi\u00eancias, conhecimento e boas pr\u00e1ticas para promover a inclus\u00e3o das pessoas com s\u00edndrome de Asperger.<\/p>\n\n\n\n<p>Contamos com o apoio de diversos parceiros e financiadores:<\/p>\n\n\n\n<ul class=\"wp-block-list\">\n<li>Fund\u00e7\u00e3o Millennium BCP<\/li>\n<li>Fund\u00e7\u00e3o Santander<\/li>\n<li>Belron Charitable Foundation<\/li>\n<li>Hospital da Luz<\/li>\n<li>REN<\/li>\n<li>Banco Finantia<\/li>\n<li>Menarini Portugal<\/li>\n<\/ul>\n\n\n\n<p>Gra\u00e7as a estas parcerias, a APSA pode desenvolver projectos como a Casa Grande, iniciativas de sensibiliza\u00e7\u00e3o, forma\u00e7\u00e3o e apoio \u00e0s fam\u00edlias. Continuamos a trabalhar em conjunto para construir uma sociedade mais inclusiva.<\/p>\n","protected":false},"excerpt":{"rendered":"<p>A APSA integra redes locais, nacionais e internacionais de apoio ao autismo, onde partilha experi\u00eancias, conhecimento e boas pr\u00e1ticas para promover a inclus\u00e3o das pessoas com s\u00edndrome de Asperger. Contamos com o apoio de diversos parceiros e financiadores: Fund\u00e7\u00e3o Millennium BCP Fund\u00e7\u00e3o Santander Belron Charitable Foundation Hospital da Luz REN Banco Finantia Menarini Portugal Gra\u00e7as [&hellip;]<\/p>\n","protected":false},"author":2,"featured_media":0,"parent":0,"menu_order":0,"comment_status":"closed","ping_status":"closed","template":"","meta":{"_acf_changed":false,"give_campaign_id":0,"_monsterinsights_skip_tracking":false,"_monsterinsights_sitenote_active":false,"_monsterinsights_sitenote_note":"","_monsterinsights_sitenote_category":0,"footnotes":""},"class_list":["post-640","page","type-page","status-publish","hentry"],"acf":[],"aioseo_notices":[],"campaignId":"","_links":{"self":[{"href":"https:\/\/apsa.new.brandshow.pt\/index.php?rest_route=\/wp\/v2\/pages\/640","targetHints":{"allow":["GET"]}}],"collection":[{"href":"https:\/\/apsa.new.brandshow.pt\/index.php?rest_route=\/wp\/v2\/pages"}],"about":[{"href":"https:\/\/apsa.new.brandshow.pt\/index.php?rest_route=\/wp\/v2\/types\/page"}],"author":[{"embeddable":true,"href":"https:\/\/apsa.new.brandshow.pt\/index.php?rest_route=\/wp\/v2\/users\/2"}],"replies":[{"embeddable":true,"href":"https:\/\/apsa.new.brandshow.pt\/index.php?rest_route=%2Fwp%2Fv2%2Fcomments&post=640"}],"version-history":[{"count":1,"href":"https:\/\/apsa.new.brandshow.pt\/index.php?rest_route=\/wp\/v2\/pages\/640\/revisions"}],"predecessor-version":[{"id":655,"href":"https:\/\/apsa.new.brandshow.pt\/index.php?rest_route=\/wp\/v2\/pages\/640\/revisions\/655"}],"wp:attachment":[{"href":"https:\/\/apsa.new.brandshow.pt\/index.php?rest_route=%2Fwp%2Fv2%2Fmedia&parent=640"}],"curies":[{"name":"wp","href":"https:\/\/api.w.org\/{rel}","templated":true}]}}