{"id":637,"date":"2025-10-19T14:50:01","date_gmt":"2025-10-19T14:50:01","guid":{"rendered":"https:\/\/apsa.new.brandshow.pt\/?page_id=637"},"modified":"2025-10-19T14:50:01","modified_gmt":"2025-10-19T14:50:01","slug":"orgaos-sociais","status":"publish","type":"page","link":"https:\/\/apsa.new.brandshow.pt\/?page_id=637","title":{"rendered":"\u00d3rg\u00e3os Sociais"},"content":{"rendered":"\n<p>Os \u00f3rg\u00e3os sociais eleitos para o mandato 2025\/2028 passam a ter a seguinte composi\u00e7\u00e3o:<\/p>\n\n\n\n<h3 class=\"wp-block-heading\">Assembleia Geral<\/h3>\n\n\n\n<ul class=\"wp-block-list\">\n<li>Presidente \u2013 Nuno Maria Falc\u00e3o Libano Monteiro<\/li>\n<li>Secret\u00e1rio \u2013 Nuno Martins Castelo Branco Valente<\/li>\n<li>Secret\u00e1rio \u2013 Paulo Henrique Farinha Alves<\/li>\n<\/ul>\n\n\n\n<h3 class=\"wp-block-heading\">Dire\u00e7\u00e3o<\/h3>\n\n\n\n<ul class=\"wp-block-list\">\n<li>Presidente \u2013 Maria da Piedade dos Santos Mariano Ramalho Libano Monteiro<\/li>\n<li>Secret\u00e1rio \u2013 Ant\u00f3nio Jos\u00e9 Noronha Silva<\/li>\n<li>Tesoureiro \u2013 Maria Adelaide Rodrigues Martins Rufino Valente<\/li>\n<li>Vogal \u2013 Jo\u00e3o Filipe Albuquerque Franco Lacerda<\/li>\n<li>Vogal \u2013 Jo\u00e3o Manuel dos Reis Braga<\/li>\n<\/ul>\n\n\n\n<h3 class=\"wp-block-heading\">Conselho Fiscal<\/h3>\n\n\n\n<ul class=\"wp-block-list\">\n<li>Presidente \u2013 Francisco Christensen Roed Gon\u00e7alves da Silva<\/li>\n<li>Vogal \u2013 M\u00e1rio V\u00edt\u00f3r da Silva Nascimento<\/li>\n<li>Vogal \u2013 Maria Teresa Mendes Gomes da Silva Feliz<\/li>\n<\/ul>\n","protected":false},"excerpt":{"rendered":"<p>Os \u00f3rg\u00e3os sociais eleitos para o mandato 2025\/2028 passam a ter a seguinte composi\u00e7\u00e3o: Assembleia Geral Presidente \u2013 Nuno Maria Falc\u00e3o Libano Monteiro Secret\u00e1rio \u2013 Nuno Martins Castelo Branco Valente Secret\u00e1rio \u2013 Paulo Henrique Farinha Alves Dire\u00e7\u00e3o Presidente \u2013 Maria da Piedade dos Santos Mariano Ramalho Libano Monteiro Secret\u00e1rio \u2013 Ant\u00f3nio Jos\u00e9 Noronha Silva Tesoureiro [&hellip;]<\/p>\n","protected":false},"author":2,"featured_media":0,"parent":0,"menu_order":0,"comment_status":"closed","ping_status":"closed","template":"","meta":{"_acf_changed":false,"give_campaign_id":0,"_monsterinsights_skip_tracking":false,"_monsterinsights_sitenote_active":false,"_monsterinsights_sitenote_note":"","_monsterinsights_sitenote_category":0,"footnotes":""},"class_list":["post-637","page","type-page","status-publish","hentry"],"acf":[],"aioseo_notices":[],"campaignId":"","_links":{"self":[{"href":"https:\/\/apsa.new.brandshow.pt\/index.php?rest_route=\/wp\/v2\/pages\/637","targetHints":{"allow":["GET"]}}],"collection":[{"href":"https:\/\/apsa.new.brandshow.pt\/index.php?rest_route=\/wp\/v2\/pages"}],"about":[{"href":"https:\/\/apsa.new.brandshow.pt\/index.php?rest_route=\/wp\/v2\/types\/page"}],"author":[{"embeddable":true,"href":"https:\/\/apsa.new.brandshow.pt\/index.php?rest_route=\/wp\/v2\/users\/2"}],"replies":[{"embeddable":true,"href":"https:\/\/apsa.new.brandshow.pt\/index.php?rest_route=%2Fwp%2Fv2%2Fcomments&post=637"}],"version-history":[{"count":1,"href":"https:\/\/apsa.new.brandshow.pt\/index.php?rest_route=\/wp\/v2\/pages\/637\/revisions"}],"predecessor-version":[{"id":863,"href":"https:\/\/apsa.new.brandshow.pt\/index.php?rest_route=\/wp\/v2\/pages\/637\/revisions\/863"}],"wp:attachment":[{"href":"https:\/\/apsa.new.brandshow.pt\/index.php?rest_route=%2Fwp%2Fv2%2Fmedia&parent=637"}],"curies":[{"name":"wp","href":"https:\/\/api.w.org\/{rel}","templated":true}]}}