{"id":632,"date":"2025-10-19T14:50:01","date_gmt":"2025-10-19T14:50:01","guid":{"rendered":"https:\/\/apsa.new.brandshow.pt\/?page_id=632"},"modified":"2025-10-19T14:50:01","modified_gmt":"2025-10-19T14:50:01","slug":"quem-somos","status":"publish","type":"page","link":"https:\/\/apsa.new.brandshow.pt\/?page_id=632","title":{"rendered":"Quem Somos"},"content":{"rendered":"\n<p>A APSA \u2013 Associa\u00e7\u00e3o Portuguesa de S\u00edndrome de Asperger \u00e9 uma Institui\u00e7\u00e3o Particular de Solidariedade Social (IPSS), sem fins lucrativos, que nasceu em Lisboa, a 7 de novembro de 2003, por vontade de um grupo de pais. A APSA apoia e orienta pessoas com S\u00edndrome de Asperger(SA) de todas as idades e as suas fam\u00edlias a n\u00edvel nacional. Tem como objetivo principal explicar e desdramatizar o que \u00e9 a SA atrav\u00e9s de sess\u00f5es de sensibiliza\u00e7\u00e3o, tradu\u00e7\u00e3o de livros dos maiores especialistas a n\u00edvel mundial, semin\u00e1rios, webinars, de todas as formas poss\u00edveis no panorama atual. Em termos de interven\u00e7\u00e3o t\u00e9cnica, tem uma resposta social, a Casa Grande, que abriu portas a 14 de janeiro de 2014 com o intuito de colmatar o fosso que existe entre a escolaridade obrigat\u00f3ria e a vida ativa destas pessoas. Acolhe jovens adultos a partir dos 16-18 anos de idade para os capacitar para o futuro, atrav\u00e9s de um treino de compet\u00eancias sociais e de autonomia funcional, a par com diversos ateli\u00eas tem\u00e1ticos que visam o despiste vocacional para que estas pessoas encontrem uma vida mais digna e mais aut\u00f3noma. Trabalha em rede e parceria com 24 Empresas Receptivas, uma marca registada da APSA, que acolhem e integram estes jovens que frequentam o nosso Programa Empregabilidade.<\/p>\n\n\n\n<h3 class=\"wp-block-heading\">Miss\u00e3o<\/h3>\n\n\n\n<p>Promover o apoio e a integra\u00e7\u00e3o social das pessoas com S\u00edndrome de Asperger, favorecendo as condi\u00e7\u00f5es e capacitando para uma vida aut\u00f3noma e digna.<\/p>\n\n\n\n<h3 class=\"wp-block-heading\">Vis\u00e3o<\/h3>\n\n\n\n<p>Ter uma sociedade integrante da diferen\u00e7a e em que as pessoas com S\u00edndrome de Asperger tenham igualdade de oportunidades e se sintam aceites, respeitadas e realizadas.<\/p>\n\n\n\n<h3 class=\"wp-block-heading\">Princ\u00edpios e Valores<\/h3>\n\n\n\n<ul class=\"wp-block-list\">\n<li>Dignidade Humana<\/li>\n<li>Respeito<\/li>\n<li>Solidariedade<\/li>\n<li>Justi\u00e7a Social<\/li>\n<li>Compromisso<\/li>\n<li>Coopera\u00e7\u00e3o<\/li>\n<li>Confian\u00e7a<\/li>\n<\/ul>\n","protected":false},"excerpt":{"rendered":"<p>A APSA \u2013 Associa\u00e7\u00e3o Portuguesa de S\u00edndrome de Asperger \u00e9 uma Institui\u00e7\u00e3o Particular de Solidariedade Social (IPSS), sem fins lucrativos, que nasceu em Lisboa, a 7 de novembro de 2003, por vontade de um grupo de pais. A APSA apoia e orienta pessoas com S\u00edndrome de Asperger(SA) de todas as idades e as suas fam\u00edlias [&hellip;]<\/p>\n","protected":false},"author":2,"featured_media":0,"parent":0,"menu_order":0,"comment_status":"closed","ping_status":"closed","template":"","meta":{"_acf_changed":false,"give_campaign_id":0,"_monsterinsights_skip_tracking":false,"_monsterinsights_sitenote_active":false,"_monsterinsights_sitenote_note":"","_monsterinsights_sitenote_category":0,"footnotes":""},"class_list":["post-632","page","type-page","status-publish","hentry"],"acf":[],"aioseo_notices":[],"campaignId":"","_links":{"self":[{"href":"https:\/\/apsa.new.brandshow.pt\/index.php?rest_route=\/wp\/v2\/pages\/632","targetHints":{"allow":["GET"]}}],"collection":[{"href":"https:\/\/apsa.new.brandshow.pt\/index.php?rest_route=\/wp\/v2\/pages"}],"about":[{"href":"https:\/\/apsa.new.brandshow.pt\/index.php?rest_route=\/wp\/v2\/types\/page"}],"author":[{"embeddable":true,"href":"https:\/\/apsa.new.brandshow.pt\/index.php?rest_route=\/wp\/v2\/users\/2"}],"replies":[{"embeddable":true,"href":"https:\/\/apsa.new.brandshow.pt\/index.php?rest_route=%2Fwp%2Fv2%2Fcomments&post=632"}],"version-history":[{"count":1,"href":"https:\/\/apsa.new.brandshow.pt\/index.php?rest_route=\/wp\/v2\/pages\/632\/revisions"}],"predecessor-version":[{"id":634,"href":"https:\/\/apsa.new.brandshow.pt\/index.php?rest_route=\/wp\/v2\/pages\/632\/revisions\/634"}],"wp:attachment":[{"href":"https:\/\/apsa.new.brandshow.pt\/index.php?rest_route=%2Fwp%2Fv2%2Fmedia&parent=632"}],"curies":[{"name":"wp","href":"https:\/\/api.w.org\/{rel}","templated":true}]}}