{"id":630,"date":"2025-10-19T14:50:01","date_gmt":"2025-10-19T14:50:01","guid":{"rendered":"https:\/\/apsa.new.brandshow.pt\/?page_id=630"},"modified":"2025-10-19T14:50:01","modified_gmt":"2025-10-19T14:50:01","slug":"o-que-e-a-sindrome-de-asperger","status":"publish","type":"page","link":"https:\/\/apsa.new.brandshow.pt\/?page_id=630","title":{"rendered":"O que \u00e9 a S\u00edndrome de Asperger?"},"content":{"rendered":"\n<p>A S\u00edndrome de Asperger \u00e9 uma perturba\u00e7\u00e3o neurocomportamental de base gen\u00e9tica. Pode ser definida como uma perturba\u00e7\u00e3o do desenvolvimento que se manifesta por altera\u00e7\u00f5es sobretudo na intera\u00e7\u00e3o social, na comunica\u00e7\u00e3o e no comportamento. Embora seja uma disfun\u00e7\u00e3o com origem num funcionamento cerebral particular, n\u00e3o existe marcador biol\u00f3gico, pelo que o diagn\u00f3stico se baseia num conjunto de crit\u00e9rios comportamentais.<\/p>\n\n\n\n<p>A Perturba\u00e7\u00e3o do Espectro do Autismo (PEA) (que inclui a S\u00edndrome de Asperger e a Perturba\u00e7\u00e3o Global de Desenvolvimento, sem outra especifica\u00e7\u00e3o [PGD-SOE]), \u00e9 uma condi\u00e7\u00e3o do neuro-desenvolvimento complexa e vital\u00edcia que aparece tipicamente durante a primeira inf\u00e2ncia e pode ter impacto nas capacidades sociais, comunica\u00e7\u00e3o, rela\u00e7\u00f5es, e auto-regula\u00e7\u00e3o de uma pessoa. A experi\u00eancia do autismo \u00e9 diferente para todos. \u00c9 definida por um certo conjunto de crit\u00e9rios comportamentais e \u00e9 frequentemente referida como uma &#8216;condi\u00e7\u00e3o do espectro&#8217; que afecta as pessoas de forma diferente e em diferentes graus.<\/p>\n","protected":false},"excerpt":{"rendered":"<p>A S\u00edndrome de Asperger \u00e9 uma perturba\u00e7\u00e3o neurocomportamental de base gen\u00e9tica. Pode ser definida como uma perturba\u00e7\u00e3o do desenvolvimento que se manifesta por altera\u00e7\u00f5es sobretudo na intera\u00e7\u00e3o social, na comunica\u00e7\u00e3o e no comportamento. Embora seja uma disfun\u00e7\u00e3o com origem num funcionamento cerebral particular, n\u00e3o existe marcador biol\u00f3gico, pelo que o diagn\u00f3stico se baseia num conjunto [&hellip;]<\/p>\n","protected":false},"author":2,"featured_media":0,"parent":0,"menu_order":0,"comment_status":"closed","ping_status":"closed","template":"","meta":{"_acf_changed":false,"give_campaign_id":0,"_monsterinsights_skip_tracking":false,"_monsterinsights_sitenote_active":false,"_monsterinsights_sitenote_note":"","_monsterinsights_sitenote_category":0,"footnotes":""},"class_list":["post-630","page","type-page","status-publish","hentry"],"acf":[],"aioseo_notices":[],"campaignId":"","_links":{"self":[{"href":"https:\/\/apsa.new.brandshow.pt\/index.php?rest_route=\/wp\/v2\/pages\/630","targetHints":{"allow":["GET"]}}],"collection":[{"href":"https:\/\/apsa.new.brandshow.pt\/index.php?rest_route=\/wp\/v2\/pages"}],"about":[{"href":"https:\/\/apsa.new.brandshow.pt\/index.php?rest_route=\/wp\/v2\/types\/page"}],"author":[{"embeddable":true,"href":"https:\/\/apsa.new.brandshow.pt\/index.php?rest_route=\/wp\/v2\/users\/2"}],"replies":[{"embeddable":true,"href":"https:\/\/apsa.new.brandshow.pt\/index.php?rest_route=%2Fwp%2Fv2%2Fcomments&post=630"}],"version-history":[{"count":1,"href":"https:\/\/apsa.new.brandshow.pt\/index.php?rest_route=\/wp\/v2\/pages\/630\/revisions"}],"predecessor-version":[{"id":631,"href":"https:\/\/apsa.new.brandshow.pt\/index.php?rest_route=\/wp\/v2\/pages\/630\/revisions\/631"}],"wp:attachment":[{"href":"https:\/\/apsa.new.brandshow.pt\/index.php?rest_route=%2Fwp%2Fv2%2Fmedia&parent=630"}],"curies":[{"name":"wp","href":"https:\/\/api.w.org\/{rel}","templated":true}]}}