{"id":3155,"date":"2025-10-25T23:57:43","date_gmt":"2025-10-25T23:57:43","guid":{"rendered":"https:\/\/apsa.new.brandshow.pt\/?page_id=3155"},"modified":"2025-10-25T23:57:47","modified_gmt":"2025-10-25T23:57:47","slug":"recrutamento","status":"publish","type":"page","link":"https:\/\/apsa.new.brandshow.pt\/?page_id=3155","title":{"rendered":"Recrutamento"},"content":{"rendered":"\n<p class=\"has-text-align-center\"><strong>Vagas Dispon\u00edveis<\/strong><\/p>\n\n\n\n<h3 class=\"wp-block-heading\">T\u00e9cnico(a) Superior (Psicologia Educacional ou Reabilita\u00e7\u00e3o Psicomotora ou Psicologia Cl\u00ednica)<\/h3>\n\n\n\n<p>A&nbsp;<strong>APSA &#8211; Associa\u00e7\u00e3o Portuguesa de S\u00edndrome de Asperger&nbsp;<\/strong>pretende recrutar&nbsp;<strong>um(a) T\u00e9cnico(a) Superior &nbsp;(Psicologia Educacional ou Reabilita\u00e7\u00e3o Psicomotora ou Psicologia Cl\u00ednica),<\/strong>&nbsp;na sua sede, no Arruamento \u00e0 Travessa da Granja, n\u00ba 1, em Benfica-Lisboa, que reporta diretamente \u00e0 Diretora T\u00e9cnica.<\/p>\n\n\n\n<p>Integrar\u00e1 a Equipa T\u00e9cnica e exercer\u00e1 fun\u00e7\u00f5es no projeto \u201cCasa Grande\u201d, que se destina a pessoas com as caracter\u00edsticas da S\u00edndrome de Asperger, enquadrada nas Perturba\u00e7\u00f5es do Espetro do Autismo, maiores de 18 anos. Ver em baixo o respetivo Termo de Refer\u00eancia.<\/p>\n\n\n\n<p>As candidaturas, incluindo&nbsp;<em>Curriculum vitae<\/em>, carta de motiva\u00e7\u00e3o e duas refer\u00eancias, dever\u00e3o ser enviadas ao cuidado de Patr\u00edcia de Sousa (<a href=\"mailto:patriciafs@apsa.org.pt\">patriciafs@apsa.org.pt<\/a>) e Ant\u00f3nio Hil\u00e1rio David (<a href=\"mailto:antoniohd@apsa.org.pt\">antoniohd@apsa.org.pt<\/a>),&nbsp;at\u00e9 ao pr\u00f3ximo dia&nbsp;7 de&nbsp;Novembro de 2025.<\/p>\n\n\n\n<p class=\"has-text-align-center\"><a href=\"https:\/\/apsa.org.pt\/media\/attachments\/2025\/10\/03\/tecnica_psicologia_set2025_v2.pdf\" target=\"_blank\" rel=\"noopener nofollow\" title=\"VEJA O TERMO DE REFER\u00caNCIA\">VEJA O TERMO DE REFER\u00caNCIA<\/a><\/p>\n\n\n\n<p><\/p>\n","protected":false},"excerpt":{"rendered":"<p>Vagas Dispon\u00edveis T\u00e9cnico(a) Superior (Psicologia Educacional ou Reabilita\u00e7\u00e3o Psicomotora ou Psicologia Cl\u00ednica) A&nbsp;APSA &#8211; Associa\u00e7\u00e3o Portuguesa de S\u00edndrome de Asperger&nbsp;pretende recrutar&nbsp;um(a) T\u00e9cnico(a) Superior &nbsp;(Psicologia Educacional ou Reabilita\u00e7\u00e3o Psicomotora ou Psicologia Cl\u00ednica),&nbsp;na sua sede, no Arruamento \u00e0 Travessa da Granja, n\u00ba 1, em Benfica-Lisboa, que reporta diretamente \u00e0 Diretora T\u00e9cnica. Integrar\u00e1 a Equipa T\u00e9cnica e exercer\u00e1 [&hellip;]<\/p>\n","protected":false},"author":1,"featured_media":0,"parent":0,"menu_order":0,"comment_status":"closed","ping_status":"closed","template":"","meta":{"_acf_changed":false,"give_campaign_id":0,"_monsterinsights_skip_tracking":false,"_monsterinsights_sitenote_active":false,"_monsterinsights_sitenote_note":"","_monsterinsights_sitenote_category":0,"footnotes":""},"class_list":["post-3155","page","type-page","status-publish","hentry"],"acf":[],"aioseo_notices":[],"campaignId":"","_links":{"self":[{"href":"https:\/\/apsa.new.brandshow.pt\/index.php?rest_route=\/wp\/v2\/pages\/3155","targetHints":{"allow":["GET"]}}],"collection":[{"href":"https:\/\/apsa.new.brandshow.pt\/index.php?rest_route=\/wp\/v2\/pages"}],"about":[{"href":"https:\/\/apsa.new.brandshow.pt\/index.php?rest_route=\/wp\/v2\/types\/page"}],"author":[{"embeddable":true,"href":"https:\/\/apsa.new.brandshow.pt\/index.php?rest_route=\/wp\/v2\/users\/1"}],"replies":[{"embeddable":true,"href":"https:\/\/apsa.new.brandshow.pt\/index.php?rest_route=%2Fwp%2Fv2%2Fcomments&post=3155"}],"version-history":[{"count":1,"href":"https:\/\/apsa.new.brandshow.pt\/index.php?rest_route=\/wp\/v2\/pages\/3155\/revisions"}],"predecessor-version":[{"id":3156,"href":"https:\/\/apsa.new.brandshow.pt\/index.php?rest_route=\/wp\/v2\/pages\/3155\/revisions\/3156"}],"wp:attachment":[{"href":"https:\/\/apsa.new.brandshow.pt\/index.php?rest_route=%2Fwp%2Fv2%2Fmedia&parent=3155"}],"curies":[{"name":"wp","href":"https:\/\/api.w.org\/{rel}","templated":true}]}}