{"id":3144,"date":"2025-10-25T23:35:18","date_gmt":"2025-10-25T23:35:18","guid":{"rendered":"https:\/\/apsa.new.brandshow.pt\/?page_id=3144"},"modified":"2025-10-25T23:35:21","modified_gmt":"2025-10-25T23:35:21","slug":"formacao-para-o-emprego","status":"publish","type":"page","link":"https:\/\/apsa.new.brandshow.pt\/?page_id=3144","title":{"rendered":"Forma\u00e7\u00e3o para o emprego"},"content":{"rendered":"\n<ul class=\"wp-block-list\">\n<li>Visa desenvolver\u00a0compet\u00eancias pessoais e sociais, promovendo uma consciencializa\u00e7\u00e3o e desenvolvimento de ferramentas ao n\u00edvel da comunica\u00e7\u00e3o, intera\u00e7\u00e3o social e gest\u00e3o de ansiedade.<\/li>\n\n\n\n<li>Esta forma\u00e7\u00e3o tem componente pr\u00e1tica, o que permite aos participantes sentirem-se entendidos nas suas dificuldades, partindo mais confiantes para enfrentar o mercado de trabalho. Treino de Entrevistas e prepara\u00e7\u00e3o do CV.<\/li>\n<\/ul>\n\n\n\n<p><\/p>\n","protected":false},"excerpt":{"rendered":"","protected":false},"author":1,"featured_media":0,"parent":0,"menu_order":0,"comment_status":"closed","ping_status":"closed","template":"","meta":{"_acf_changed":false,"give_campaign_id":0,"_monsterinsights_skip_tracking":false,"_monsterinsights_sitenote_active":false,"_monsterinsights_sitenote_note":"","_monsterinsights_sitenote_category":0,"footnotes":""},"class_list":["post-3144","page","type-page","status-publish","hentry"],"acf":[],"aioseo_notices":[],"campaignId":"","_links":{"self":[{"href":"https:\/\/apsa.new.brandshow.pt\/index.php?rest_route=\/wp\/v2\/pages\/3144","targetHints":{"allow":["GET"]}}],"collection":[{"href":"https:\/\/apsa.new.brandshow.pt\/index.php?rest_route=\/wp\/v2\/pages"}],"about":[{"href":"https:\/\/apsa.new.brandshow.pt\/index.php?rest_route=\/wp\/v2\/types\/page"}],"author":[{"embeddable":true,"href":"https:\/\/apsa.new.brandshow.pt\/index.php?rest_route=\/wp\/v2\/users\/1"}],"replies":[{"embeddable":true,"href":"https:\/\/apsa.new.brandshow.pt\/index.php?rest_route=%2Fwp%2Fv2%2Fcomments&post=3144"}],"version-history":[{"count":1,"href":"https:\/\/apsa.new.brandshow.pt\/index.php?rest_route=\/wp\/v2\/pages\/3144\/revisions"}],"predecessor-version":[{"id":3145,"href":"https:\/\/apsa.new.brandshow.pt\/index.php?rest_route=\/wp\/v2\/pages\/3144\/revisions\/3145"}],"wp:attachment":[{"href":"https:\/\/apsa.new.brandshow.pt\/index.php?rest_route=%2Fwp%2Fv2%2Fmedia&parent=3144"}],"curies":[{"name":"wp","href":"https:\/\/api.w.org\/{rel}","templated":true}]}}