{"id":3142,"date":"2025-10-25T23:33:36","date_gmt":"2025-10-25T23:33:36","guid":{"rendered":"https:\/\/apsa.new.brandshow.pt\/?page_id=3142"},"modified":"2025-10-25T23:33:41","modified_gmt":"2025-10-25T23:33:41","slug":"atelies-tematicos","status":"publish","type":"page","link":"https:\/\/apsa.new.brandshow.pt\/?page_id=3142","title":{"rendered":"Atelies tem\u00e1ticos"},"content":{"rendered":"\n<p>M\u00daSICA<br>EXPRESS\u00c3O PL\u00c1STICA<br>COSTURA<br>HORTICULTURA &amp; JARDINAGEM<\/p>\n","protected":false},"excerpt":{"rendered":"<p>M\u00daSICAEXPRESS\u00c3O PL\u00c1STICACOSTURAHORTICULTURA &amp; JARDINAGEM<\/p>\n","protected":false},"author":1,"featured_media":0,"parent":0,"menu_order":0,"comment_status":"closed","ping_status":"closed","template":"","meta":{"_acf_changed":false,"give_campaign_id":0,"_monsterinsights_skip_tracking":false,"_monsterinsights_sitenote_active":false,"_monsterinsights_sitenote_note":"","_monsterinsights_sitenote_category":0,"footnotes":""},"class_list":["post-3142","page","type-page","status-publish","hentry"],"acf":[],"aioseo_notices":[],"campaignId":"","_links":{"self":[{"href":"https:\/\/apsa.new.brandshow.pt\/index.php?rest_route=\/wp\/v2\/pages\/3142","targetHints":{"allow":["GET"]}}],"collection":[{"href":"https:\/\/apsa.new.brandshow.pt\/index.php?rest_route=\/wp\/v2\/pages"}],"about":[{"href":"https:\/\/apsa.new.brandshow.pt\/index.php?rest_route=\/wp\/v2\/types\/page"}],"author":[{"embeddable":true,"href":"https:\/\/apsa.new.brandshow.pt\/index.php?rest_route=\/wp\/v2\/users\/1"}],"replies":[{"embeddable":true,"href":"https:\/\/apsa.new.brandshow.pt\/index.php?rest_route=%2Fwp%2Fv2%2Fcomments&post=3142"}],"version-history":[{"count":1,"href":"https:\/\/apsa.new.brandshow.pt\/index.php?rest_route=\/wp\/v2\/pages\/3142\/revisions"}],"predecessor-version":[{"id":3143,"href":"https:\/\/apsa.new.brandshow.pt\/index.php?rest_route=\/wp\/v2\/pages\/3142\/revisions\/3143"}],"wp:attachment":[{"href":"https:\/\/apsa.new.brandshow.pt\/index.php?rest_route=%2Fwp%2Fv2%2Fmedia&parent=3142"}],"curies":[{"name":"wp","href":"https:\/\/api.w.org\/{rel}","templated":true}]}}