{"id":3139,"date":"2025-10-25T23:32:45","date_gmt":"2025-10-25T23:32:45","guid":{"rendered":"https:\/\/apsa.new.brandshow.pt\/?page_id=3139"},"modified":"2025-10-25T23:32:49","modified_gmt":"2025-10-25T23:32:49","slug":"atividades-de-integracao-comunitaria","status":"publish","type":"page","link":"https:\/\/apsa.new.brandshow.pt\/?page_id=3139","title":{"rendered":"Atividades de integra\u00e7\u00e3o comunit\u00e1ria"},"content":{"rendered":"<div class=\"wp-block-image\">\n<figure class=\"aligncenter size-full\"><img fetchpriority=\"high\" decoding=\"async\" width=\"842\" height=\"412\" src=\"https:\/\/apsa.new.brandshow.pt\/wp-content\/uploads\/2025\/10\/image.png\" alt=\"\" class=\"wp-image-3140\" srcset=\"https:\/\/apsa.new.brandshow.pt\/wp-content\/uploads\/2025\/10\/image.png 842w, https:\/\/apsa.new.brandshow.pt\/wp-content\/uploads\/2025\/10\/image-300x147.png 300w, https:\/\/apsa.new.brandshow.pt\/wp-content\/uploads\/2025\/10\/image-768x376.png 768w, https:\/\/apsa.new.brandshow.pt\/wp-content\/uploads\/2025\/10\/image-600x294.png 600w\" sizes=\"(max-width: 842px) 100vw, 842px\" \/><\/figure>\n<\/div>","protected":false},"excerpt":{"rendered":"","protected":false},"author":1,"featured_media":0,"parent":0,"menu_order":0,"comment_status":"closed","ping_status":"closed","template":"","meta":{"_acf_changed":false,"give_campaign_id":0,"_monsterinsights_skip_tracking":false,"_monsterinsights_sitenote_active":false,"_monsterinsights_sitenote_note":"","_monsterinsights_sitenote_category":0,"footnotes":""},"class_list":["post-3139","page","type-page","status-publish","hentry"],"acf":[],"aioseo_notices":[],"campaignId":"","_links":{"self":[{"href":"https:\/\/apsa.new.brandshow.pt\/index.php?rest_route=\/wp\/v2\/pages\/3139","targetHints":{"allow":["GET"]}}],"collection":[{"href":"https:\/\/apsa.new.brandshow.pt\/index.php?rest_route=\/wp\/v2\/pages"}],"about":[{"href":"https:\/\/apsa.new.brandshow.pt\/index.php?rest_route=\/wp\/v2\/types\/page"}],"author":[{"embeddable":true,"href":"https:\/\/apsa.new.brandshow.pt\/index.php?rest_route=\/wp\/v2\/users\/1"}],"replies":[{"embeddable":true,"href":"https:\/\/apsa.new.brandshow.pt\/index.php?rest_route=%2Fwp%2Fv2%2Fcomments&post=3139"}],"version-history":[{"count":1,"href":"https:\/\/apsa.new.brandshow.pt\/index.php?rest_route=\/wp\/v2\/pages\/3139\/revisions"}],"predecessor-version":[{"id":3141,"href":"https:\/\/apsa.new.brandshow.pt\/index.php?rest_route=\/wp\/v2\/pages\/3139\/revisions\/3141"}],"wp:attachment":[{"href":"https:\/\/apsa.new.brandshow.pt\/index.php?rest_route=%2Fwp%2Fv2%2Fmedia&parent=3139"}],"curies":[{"name":"wp","href":"https:\/\/api.w.org\/{rel}","templated":true}]}}