{"id":3136,"date":"2025-10-25T23:31:25","date_gmt":"2025-10-25T23:31:25","guid":{"rendered":"https:\/\/apsa.new.brandshow.pt\/?page_id=3136"},"modified":"2025-10-25T23:31:29","modified_gmt":"2025-10-25T23:31:29","slug":"treino-de-competencias-sociais-e-de-autonomia-funcional","status":"publish","type":"page","link":"https:\/\/apsa.new.brandshow.pt\/?page_id=3136","title":{"rendered":"Treino de compet\u00eancias sociais e de autonomia\u00a0funcional"},"content":{"rendered":"\n<p>Na APSA realizamos\u00a0<strong>treinos de compet\u00eancia social individual e em grupo<\/strong>. Pretendemos com os mesmos desenvolver e aperfei\u00e7oar as capacidades da pessoa com SA para interagir de forma eficaz e adequada em diferentes contextos sociais reais.\u00a0A nossa metodologia pr\u00f3pria assenta na gest\u00e3o de conflitos, de pensamento, e em comunicar de forma mais clara e assertiva, entender e gerir emo\u00e7\u00f5es, e a construir rela\u00e7\u00f5es interpessoais saud\u00e1veis e sustent\u00e1veis ao longo da vida. Esta \u00e9 a base de toda a nossa interven\u00e7\u00e3o. A Par com o\u00a0<strong>treino de autonomia funcional<\/strong>, que visa essencialmente treinar a pessoa com SA para lidar com determinadas situa\u00e7\u00f5es do dia-a-dia, como treinar o percurso para o emprego, para ir aos correios, para ir \u00e0s compras ou ao caf\u00e9, entre outras que sejam necess\u00e1rias ap\u00f3s uma avalia\u00e7\u00e3o cuidada do perfil da pessoa.<\/p>\n","protected":false},"excerpt":{"rendered":"<p>Na APSA realizamos\u00a0treinos de compet\u00eancia social individual e em grupo. Pretendemos com os mesmos desenvolver e aperfei\u00e7oar as capacidades da pessoa com SA para interagir de forma eficaz e adequada em diferentes contextos sociais reais.\u00a0A nossa metodologia pr\u00f3pria assenta na gest\u00e3o de conflitos, de pensamento, e em comunicar de forma mais clara e assertiva, entender [&hellip;]<\/p>\n","protected":false},"author":1,"featured_media":0,"parent":0,"menu_order":0,"comment_status":"closed","ping_status":"closed","template":"","meta":{"_acf_changed":false,"give_campaign_id":0,"_monsterinsights_skip_tracking":false,"_monsterinsights_sitenote_active":false,"_monsterinsights_sitenote_note":"","_monsterinsights_sitenote_category":0,"footnotes":""},"class_list":["post-3136","page","type-page","status-publish","hentry"],"acf":[],"aioseo_notices":[],"campaignId":"","_links":{"self":[{"href":"https:\/\/apsa.new.brandshow.pt\/index.php?rest_route=\/wp\/v2\/pages\/3136","targetHints":{"allow":["GET"]}}],"collection":[{"href":"https:\/\/apsa.new.brandshow.pt\/index.php?rest_route=\/wp\/v2\/pages"}],"about":[{"href":"https:\/\/apsa.new.brandshow.pt\/index.php?rest_route=\/wp\/v2\/types\/page"}],"author":[{"embeddable":true,"href":"https:\/\/apsa.new.brandshow.pt\/index.php?rest_route=\/wp\/v2\/users\/1"}],"replies":[{"embeddable":true,"href":"https:\/\/apsa.new.brandshow.pt\/index.php?rest_route=%2Fwp%2Fv2%2Fcomments&post=3136"}],"version-history":[{"count":2,"href":"https:\/\/apsa.new.brandshow.pt\/index.php?rest_route=\/wp\/v2\/pages\/3136\/revisions"}],"predecessor-version":[{"id":3138,"href":"https:\/\/apsa.new.brandshow.pt\/index.php?rest_route=\/wp\/v2\/pages\/3136\/revisions\/3138"}],"wp:attachment":[{"href":"https:\/\/apsa.new.brandshow.pt\/index.php?rest_route=%2Fwp%2Fv2%2Fmedia&parent=3136"}],"curies":[{"name":"wp","href":"https:\/\/api.w.org\/{rel}","templated":true}]}}