{"id":3133,"date":"2025-10-25T23:27:10","date_gmt":"2025-10-25T23:27:10","guid":{"rendered":"https:\/\/apsa.new.brandshow.pt\/?page_id=3133"},"modified":"2025-10-25T23:27:13","modified_gmt":"2025-10-25T23:27:13","slug":"equipa","status":"publish","type":"page","link":"https:\/\/apsa.new.brandshow.pt\/?page_id=3133","title":{"rendered":"Equipa"},"content":{"rendered":"\n<figure class=\"wp-block-table is-style-stripes\"><table class=\"has-fixed-layout\"><tbody><tr><td class=\"has-text-align-center\" data-align=\"center\"><strong>Ana Clara Cortes<\/strong> \u2013 Ateli\u00ea de Costura<\/td><\/tr><tr><td class=\"has-text-align-center\" data-align=\"center\"><strong>Ana Raquel Alves de Souza<\/strong> &#8211; Psic\u00f3loga<\/td><\/tr><tr><td class=\"has-text-align-center\" data-align=\"center\"><strong>Ant\u00f3nio Hil\u00e1rio\u00a0David<\/strong>\u00a0\u2013 Diretor Executivo<\/td><\/tr><tr><td class=\"has-text-align-center\" data-align=\"center\"><strong>Beatriz Gra\u00e7a<\/strong> \u2013 Monitora de Express\u00e3o Pl\u00e1stica<\/td><\/tr><tr><td class=\"has-text-align-center\" data-align=\"center\"><strong>Bruno Teixeira<\/strong> \u2013 Monitor de M\u00fasica<\/td><\/tr><tr><td class=\"has-text-align-center\" data-align=\"center\"><strong>Carla Moura<\/strong> &#8211; Administrativa<\/td><\/tr><tr><td class=\"has-text-align-center\" data-align=\"center\"><strong>David\u00a0Gaivoto<\/strong>\u00a0\u2013 Diretor do Departamento de Comunica\u00e7\u00e3o e Sustentabilidade<\/td><\/tr><tr><td class=\"has-text-align-center\" data-align=\"center\"><strong>Madalena Gama Fernandes<\/strong> \u2013 Psic\u00f3loga<\/td><\/tr><tr><td class=\"has-text-align-center\" data-align=\"center\"><strong>Maria da Luz Freitas Dantas<\/strong> &#8211; Mediadora<\/td><\/tr><tr><td class=\"has-text-align-center\" data-align=\"center\"><strong>Maria da Piedade R. L\u00edbano Monteiro<\/strong> \u2013 Presidente da Dire\u00e7\u00e3o<\/td><\/tr><tr><td class=\"has-text-align-center\" data-align=\"center\"><strong>Carmo Tovar de Lemos<\/strong> \u2013 Administrativa \/ Log\u00edstica<\/td><\/tr><tr><td class=\"has-text-align-center\" data-align=\"center\"><strong>Patr\u00edcia Oliveira Fernandes de Sousa<\/strong> \u2013 Diretora T\u00e9cnica<\/td><\/tr><tr><td class=\"has-text-align-center\" data-align=\"center\"><strong>S\u00edlvia Marina Alcobia Rodrigues Ramalho<\/strong> \u2013 Assistente Social \/ Coordenadora do Programa Empregabilidade<\/td><\/tr><tr><td class=\"has-text-align-center\" data-align=\"center\"><strong>Sofia Serra<\/strong> &#8211; Psic\u00f3loga Cl\u00ednica \/ T\u00e9cnica Respons\u00e1vel<\/td><\/tr><tr><td class=\"has-text-align-center\" data-align=\"center\"><strong>Telma Santos<\/strong> \u2013 Psic\u00f3loga Cl\u00ednica \/ T\u00e9cnica Respons\u00e1vel<\/td><\/tr><tr><td class=\"has-text-align-center\" data-align=\"center\"><strong>Vera de Abreu Serra Brand\u00e3o<\/strong> &#8211; Psic\u00f3loga Educacional \/ T\u00e9cnica Respons\u00e1vel<\/td><\/tr><\/tbody><\/table><\/figure>\n","protected":false},"excerpt":{"rendered":"<p>Ana Clara Cortes \u2013 Ateli\u00ea de Costura Ana Raquel Alves de Souza &#8211; Psic\u00f3loga Ant\u00f3nio Hil\u00e1rio\u00a0David\u00a0\u2013 Diretor Executivo Beatriz Gra\u00e7a \u2013 Monitora de Express\u00e3o Pl\u00e1stica Bruno Teixeira \u2013 Monitor de M\u00fasica Carla Moura &#8211; Administrativa David\u00a0Gaivoto\u00a0\u2013 Diretor do Departamento de Comunica\u00e7\u00e3o e Sustentabilidade Madalena Gama Fernandes \u2013 Psic\u00f3loga Maria da Luz Freitas Dantas &#8211; Mediadora [&hellip;]<\/p>\n","protected":false},"author":1,"featured_media":0,"parent":0,"menu_order":0,"comment_status":"closed","ping_status":"closed","template":"","meta":{"_acf_changed":false,"give_campaign_id":0,"_monsterinsights_skip_tracking":false,"_monsterinsights_sitenote_active":false,"_monsterinsights_sitenote_note":"","_monsterinsights_sitenote_category":0,"footnotes":""},"class_list":["post-3133","page","type-page","status-publish","hentry"],"acf":[],"aioseo_notices":[],"campaignId":"","_links":{"self":[{"href":"https:\/\/apsa.new.brandshow.pt\/index.php?rest_route=\/wp\/v2\/pages\/3133","targetHints":{"allow":["GET"]}}],"collection":[{"href":"https:\/\/apsa.new.brandshow.pt\/index.php?rest_route=\/wp\/v2\/pages"}],"about":[{"href":"https:\/\/apsa.new.brandshow.pt\/index.php?rest_route=\/wp\/v2\/types\/page"}],"author":[{"embeddable":true,"href":"https:\/\/apsa.new.brandshow.pt\/index.php?rest_route=\/wp\/v2\/users\/1"}],"replies":[{"embeddable":true,"href":"https:\/\/apsa.new.brandshow.pt\/index.php?rest_route=%2Fwp%2Fv2%2Fcomments&post=3133"}],"version-history":[{"count":1,"href":"https:\/\/apsa.new.brandshow.pt\/index.php?rest_route=\/wp\/v2\/pages\/3133\/revisions"}],"predecessor-version":[{"id":3134,"href":"https:\/\/apsa.new.brandshow.pt\/index.php?rest_route=\/wp\/v2\/pages\/3133\/revisions\/3134"}],"wp:attachment":[{"href":"https:\/\/apsa.new.brandshow.pt\/index.php?rest_route=%2Fwp%2Fv2%2Fmedia&parent=3133"}],"curies":[{"name":"wp","href":"https:\/\/api.w.org\/{rel}","templated":true}]}}