{"id":2982,"date":"2019-12-11T09:39:08","date_gmt":"2019-12-11T09:39:08","guid":{"rendered":"http:\/\/pluginspoint.com\/chariton\/\/?page_id=1019"},"modified":"2025-10-20T14:55:14","modified_gmt":"2025-10-20T14:55:14","slug":"our-events","status":"publish","type":"page","link":"https:\/\/apsa.new.brandshow.pt\/?page_id=2982","title":{"rendered":"Our Events"},"content":{"rendered":"\t\t<div data-elementor-type=\"wp-page\" data-elementor-id=\"2982\" class=\"elementor elementor-2982\" data-elementor-post-type=\"page\">\n\t\t\t\t\t\t<section class=\"elementor-section elementor-top-section elementor-element elementor-element-e64e7bc elementor-section-boxed elementor-section-height-default elementor-section-height-default\" data-id=\"e64e7bc\" data-element_type=\"section\">\n\t\t\t\t\t\t<div class=\"elementor-container elementor-column-gap-default\">\n\t\t\t\t\t<div class=\"elementor-column elementor-col-100 elementor-top-column elementor-element elementor-element-67bbcc2\" data-id=\"67bbcc2\" data-element_type=\"column\">\n\t\t\t<div class=\"elementor-widget-wrap elementor-element-populated\">\n\t\t\t\t\t\t\t<\/div>\n\t\t<\/div>\n\t\t\t\t\t<\/div>\n\t\t<\/section>\n\t\t\t\t<section class=\"elementor-section elementor-top-section elementor-element elementor-element-9b3dd99 elementor-section-boxed elementor-section-height-default elementor-section-height-default\" data-id=\"9b3dd99\" data-element_type=\"section\" data-settings=\"{&quot;background_background&quot;:&quot;classic&quot;}\">\n\t\t\t\t\t\t<div class=\"elementor-container elementor-column-gap-default\">\n\t\t\t\t\t<div class=\"elementor-column elementor-col-100 elementor-top-column elementor-element elementor-element-03c9e5a\" data-id=\"03c9e5a\" data-element_type=\"column\">\n\t\t\t<div class=\"elementor-widget-wrap elementor-element-populated\">\n\t\t\t\t\t\t<section class=\"elementor-section elementor-inner-section elementor-element elementor-element-2612282 elementor-section-boxed elementor-section-height-default elementor-section-height-default\" data-id=\"2612282\" data-element_type=\"section\">\n\t\t\t\t\t\t<div class=\"elementor-container elementor-column-gap-default\">\n\t\t\t\t\t<div class=\"elementor-column elementor-col-50 elementor-inner-column elementor-element elementor-element-11d8b42\" data-id=\"11d8b42\" data-element_type=\"column\">\n\t\t\t<div class=\"elementor-widget-wrap elementor-element-populated\">\n\t\t\t\t\t\t<div class=\"elementor-element elementor-element-09a2989 elementor-widget elementor-widget-section-head\" data-id=\"09a2989\" data-element_type=\"widget\" data-widget_type=\"section-head.default\">\n\t\t\t\t<div class=\"elementor-widget-container\">\n\t\t\t\t\t\t\t\t<div class=\"section-title text-left\">\r\n\t\t\t\t\t\t        <h2 class=\"wow fadeInUp\" data-wow-delay=\"0.2s\">News Feeds<\/h2>\r\n\t\t        \t\t    \t<p class=\"wow fadeInUp\" data-wow-delay=\"0.2s\">Lorem ipsum dolor sit amet, consectetur adipisicing elit, sed do eiusmod tempor incididunt ut labore et dolore magna aliqua.<\/p>\r\n\t\t    \t\t\t\t<\/div>\r\n\t\t\t\t\t\t\t<\/div>\n\t\t\t\t<\/div>\n\t\t\t\t\t<\/div>\n\t\t<\/div>\n\t\t\t\t<div class=\"elementor-column elementor-col-50 elementor-inner-column elementor-element elementor-element-5268aec\" data-id=\"5268aec\" data-element_type=\"column\">\n\t\t\t<div class=\"elementor-widget-wrap\">\n\t\t\t\t\t\t\t<\/div>\n\t\t<\/div>\n\t\t\t\t\t<\/div>\n\t\t<\/section>\n\t\t\t\t<div class=\"elementor-element elementor-element-cdd316a elementor-widget elementor-widget-section-blog\" data-id=\"cdd316a\" data-element_type=\"widget\" data-widget_type=\"section-blog.default\">\n\t\t\t\t<div class=\"elementor-widget-container\">\n\t\t\t\t\t\t\t\t\t<script type=\"text\/javascript\">\n\t\t\t\t    jQuery(document).ready(function(){\n\t\t\t\t\t\t\/\/ blog-active\n\t\t\t\t\t\tjQuery('.blog-active').slick({\n\t\t\t\t\t\t  dots: false,\n\t\t\t\t\t\t  infinite: true,\n\t\t\t\t\t\t  speed: 600,\n\t\t\t\t\t\t  prevArrow: '<button type=\"button\" class=\"slick-prev\"><i class=\"fal fa-arrow-left\"><\/i><\/button>',\n\t\t\t\t\t\t  nextArrow: '<button type=\"button\" class=\"slick-next\"><i class=\"fal fa-arrow-right\"><\/i><\/button>',\n\t\t\t\t\t\t  arrows: true,\n\t\t\t\t\t\t  slidesToShow: 3,\n\t\t\t\t\t\t  slidesToScroll: 1,\n\t\t\t\t\t\t  responsive: [\n\t\t\t\t\t\t    {\n\t\t\t\t\t\t      breakpoint: 1200,\n\t\t\t\t\t\t      settings: {\n\t\t\t\t\t\t        slidesToShow: 3,\n\t\t\t\t\t\t        slidesToScroll: 1,\n\t\t\t\t\t\t        infinite: true,\n\t\t\t\t\t\t      }\n\t\t\t\t\t\t    },\n\t\t\t\t\t\t    {\n\t\t\t\t\t\t      breakpoint: 992,\n\t\t\t\t\t\t      settings: {\n\t\t\t\t\t\t        slidesToShow: 2,\n\t\t\t\t\t\t        slidesToScroll: 1\n\t\t\t\t\t\t      }\n\t\t\t\t\t\t    },\n\t\t\t\t\t\t    {\n\t\t\t\t\t\t      breakpoint: 768,\n\t\t\t\t\t\t      settings: {\n\t\t\t\t\t\t        slidesToShow: 1,\n\t\t\t\t\t\t        slidesToScroll: 1,\n\t\t\t\t\t\t        arrows: false,\n\t\t\t\t\t\t      }\n\t\t\t\t\t\t    },\n\t\t\t\t\t\t    {\n\t\t\t\t\t\t      breakpoint: 576,\n\t\t\t\t\t\t      settings: {\n\t\t\t\t\t\t        slidesToShow: 1,\n\t\t\t\t\t\t        slidesToScroll: 1,\n\t\t\t\t\t\t        arrows: false,\n\t\t\t\t\t\t      }\n\t\t\t\t\t\t    },\n\t\t\t\t\t\t  ]\n\t\t\t\t\t\t});\n\t\t\t\t    });\n\t\t\t\t<\/script>  \n\t\t\t\t\t\t<script type=\"text\/javascript\">\n\t\t\t    jQuery(document).ready(function(){\n\t\t\t\t\t\/\/ blog\n\t\t\t\t\tjQuery('.blog-post-thumb-active').slick({\n\t\t\t\t\t\tautoplay:true,\n\t\t\t\t\t\tautoplaySpeed:1500,\n\t\t\t\t\t\tdots: false,\n\t\t\t\t\t\tinfinite: true,\n\t\t\t\t\t\tarrows: true,\n\t\t\t\t\t\tspeed: 1500,\n\t\t\t\t\t\tslidesToShow: 1,\n\t\t\t\t\t\tslidesToScroll: 1,\n\t\t\t\t\t\tfade: true,\n\t\t\t\t\t\tprevArrow: '<button type=\"button\" class=\"slick-prev\"><i class=\"fas fa-arrow-left\"><\/i><\/button>',\n\t\t\t\t\t\tnextArrow: '<button type=\"button\" class=\"slick-next\"><i class=\"fas fa-arrow-right\"><\/i><\/button>',\n\t\t\t\t\t});\n\t\t\t    });\n\t\t\t<\/script>\n\n\n<div class=\"row blog-active\">\n\t\n\t<div class=\"col-lg-4 blog-shortcode\">\n\t  <article id=\"post-303\" class=\"post-303 post type-post status-publish format-standard hentry category-noticias\">\n\t    <div class=\"single-blog-post mb-30\">\n\n\t    \n\t        \t\t        <div class=\"blog-content no-thumb\">\n\t                <div class=\"blog-meta mb-10\">\n\t                    <ul>\n\t                    \t\t                        \t                    <\/ul>\n\t                <\/div>\n\t                <h4><a href=\"https:\/\/apsa.new.brandshow.pt\/?p=303\">Palestra sobre SA em Lagos<\/a><\/h4>\n\t                <p>A palestra&nbsp;&laquo;A S&iacute;ndrome de Asperger&raquo; teve lugar no dia 14 de outubro no Audit&oacute;rio da C&acirc;mara Municipal de Lagos<\/p>\n\t                <div class=\"blog-avatar\">\n\t                    <div class=\"blog-avatar-img\">\n\t                        <img alt='' src='https:\/\/secure.gravatar.com\/avatar\/c9245a74951075c504827685fd0d4d3ec0fa730693cc1e66ccb05942b4a2548d?s=40&#038;d=mm&#038;r=g' srcset='https:\/\/secure.gravatar.com\/avatar\/c9245a74951075c504827685fd0d4d3ec0fa730693cc1e66ccb05942b4a2548d?s=80&#038;d=mm&#038;r=g 2x' class='avatar avatar-40 photo' height='40' width='40' \/>\t                    <\/div>\n\t                    <div class=\"blog-avatar-info\">\n\t                        <p>By <a href=\"https:\/\/apsa.new.brandshow.pt\/?author=1\" title=\"Artigos de admin\" rel=\"author\">admin<\/a><\/p>\n\t                    <\/div>\n\t                <\/div>\n\t                \t\t                <div class=\"blog-post-react\">\n\t\t                    <span class=\"sl-wrapper\"><a href=\"https:\/\/apsa.new.brandshow.pt\/wp-admin\/admin-ajax.php?action=process_simple_like&post_id=303&nonce=37f30a2137&is_comment=0&disabled=true\" class=\"sl-button sl-button-303\" data-nonce=\"37f30a2137\" data-post-id=\"303\" data-iscomment=\"0\" title=\"Like\"><i class=\"fal fa-heart unlike\"><\/i><span class=\"sl-count\">25<\/span><\/a><span class=\"sl-loader\"><\/span><\/span>\t\t                <\/div>\n\t                \t            <\/div>\n\t      \t      <sup class=\"meta-featured-post\"> <i class=\"fal fa-thumbtack\"><\/i> Sticky <\/sup>\t    <\/div>\n\t  <\/article>\n\t<\/div>\n\n    \n\t<div class=\"col-lg-4 blog-shortcode\">\n\t  <article id=\"post-247\" class=\"post-247 post type-post status-publish format-standard hentry category-noticias\">\n\t    <div class=\"single-blog-post mb-30\">\n\n\t    \n\t        \t\t        <div class=\"blog-content no-thumb\">\n\t                <div class=\"blog-meta mb-10\">\n\t                    <ul>\n\t                    \t\t                        \t                    <\/ul>\n\t                <\/div>\n\t                <h4><a href=\"https:\/\/apsa.new.brandshow.pt\/?p=247\">Assembleia Geral da APSA 2015<\/a><\/h4>\n\t                <p>Caros associados,&nbsp;Realiza-se no pr&oacute;ximo dia 13 de Novembro, pelas 17:30 a Assembleia Geral da APSA, na Sede da APSA,<\/p>\n\t                <div class=\"blog-avatar\">\n\t                    <div class=\"blog-avatar-img\">\n\t                        <img alt='' src='https:\/\/secure.gravatar.com\/avatar\/c9245a74951075c504827685fd0d4d3ec0fa730693cc1e66ccb05942b4a2548d?s=40&#038;d=mm&#038;r=g' srcset='https:\/\/secure.gravatar.com\/avatar\/c9245a74951075c504827685fd0d4d3ec0fa730693cc1e66ccb05942b4a2548d?s=80&#038;d=mm&#038;r=g 2x' class='avatar avatar-40 photo' height='40' width='40' \/>\t                    <\/div>\n\t                    <div class=\"blog-avatar-info\">\n\t                        <p>By <a href=\"https:\/\/apsa.new.brandshow.pt\/?author=1\" title=\"Artigos de admin\" rel=\"author\">admin<\/a><\/p>\n\t                    <\/div>\n\t                <\/div>\n\t                \t\t                <div class=\"blog-post-react\">\n\t\t                    <span class=\"sl-wrapper\"><a href=\"https:\/\/apsa.new.brandshow.pt\/wp-admin\/admin-ajax.php?action=process_simple_like&post_id=247&nonce=37f30a2137&is_comment=0&disabled=true\" class=\"sl-button sl-button-247\" data-nonce=\"37f30a2137\" data-post-id=\"247\" data-iscomment=\"0\" title=\"Like\"><i class=\"fal fa-heart unlike\"><\/i><span class=\"sl-count\">25<\/span><\/a><span class=\"sl-loader\"><\/span><\/span>\t\t                <\/div>\n\t                \t            <\/div>\n\t      \t      <sup class=\"meta-featured-post\"> <i class=\"fal fa-thumbtack\"><\/i> Sticky <\/sup>\t    <\/div>\n\t  <\/article>\n\t<\/div>\n\n    \n\t<div class=\"col-lg-4 blog-shortcode\">\n\t  <article id=\"post-11\" class=\"post-11 post type-post status-publish format-standard hentry category-noticias\">\n\t    <div class=\"single-blog-post mb-30\">\n\n\t    \n\t        \t\t        <div class=\"blog-content no-thumb\">\n\t                <div class=\"blog-meta mb-10\">\n\t                    <ul>\n\t                    \t\t                        \t                    <\/ul>\n\t                <\/div>\n\t                <h4><a href=\"https:\/\/apsa.new.brandshow.pt\/?p=11\">Novo site j\u00e1 est\u00e1 online!<\/a><\/h4>\n\t                <p>O novo site est&aacute; online! Na primeira foto jovens e colaboradores d&atilde;o as boas vindas ao endere&ccedil;o&nbsp;www.apsa.pt&nbsp;que chegou agora!<\/p>\n\t                <div class=\"blog-avatar\">\n\t                    <div class=\"blog-avatar-img\">\n\t                        <img alt='' src='https:\/\/secure.gravatar.com\/avatar\/c9245a74951075c504827685fd0d4d3ec0fa730693cc1e66ccb05942b4a2548d?s=40&#038;d=mm&#038;r=g' srcset='https:\/\/secure.gravatar.com\/avatar\/c9245a74951075c504827685fd0d4d3ec0fa730693cc1e66ccb05942b4a2548d?s=80&#038;d=mm&#038;r=g 2x' class='avatar avatar-40 photo' height='40' width='40' \/>\t                    <\/div>\n\t                    <div class=\"blog-avatar-info\">\n\t                        <p>By <a href=\"https:\/\/apsa.new.brandshow.pt\/?author=1\" title=\"Artigos de admin\" rel=\"author\">admin<\/a><\/p>\n\t                    <\/div>\n\t                <\/div>\n\t                \t\t                <div class=\"blog-post-react\">\n\t\t                    <span class=\"sl-wrapper\"><a href=\"https:\/\/apsa.new.brandshow.pt\/wp-admin\/admin-ajax.php?action=process_simple_like&post_id=11&nonce=37f30a2137&is_comment=0&disabled=true\" class=\"sl-button sl-button-11\" data-nonce=\"37f30a2137\" data-post-id=\"11\" data-iscomment=\"0\" title=\"Like\"><i class=\"fal fa-heart unlike\"><\/i><span class=\"sl-count\">25<\/span><\/a><span class=\"sl-loader\"><\/span><\/span>\t\t                <\/div>\n\t                \t            <\/div>\n\t      \t      <sup class=\"meta-featured-post\"> <i class=\"fal fa-thumbtack\"><\/i> Sticky <\/sup>\t    <\/div>\n\t  <\/article>\n\t<\/div>\n\n    \n\t<div class=\"col-lg-4 blog-shortcode\">\n\t  <article id=\"post-625\" class=\"post-625 post type-post status-publish format-standard hentry category-noticias\">\n\t    <div class=\"single-blog-post mb-30\">\n\n\t    \n\t        \t\t        <div class=\"blog-content no-thumb\">\n\t                <div class=\"blog-meta mb-10\">\n\t                    <ul>\n\t                    \t\t                        \t                    <\/ul>\n\t                <\/div>\n\t                <h4><a href=\"https:\/\/apsa.new.brandshow.pt\/?p=625\">PSP assina protocolo com a APSA<\/a><\/h4>\n\t                <p>A APSA cada vez mais valoriza a sua liga\u00e7\u00e3o com a comunidade e com as v\u00e1rias entidades p\u00fablicas que<\/p>\n\t                <div class=\"blog-avatar\">\n\t                    <div class=\"blog-avatar-img\">\n\t                        <img alt='' src='https:\/\/secure.gravatar.com\/avatar\/c9245a74951075c504827685fd0d4d3ec0fa730693cc1e66ccb05942b4a2548d?s=40&#038;d=mm&#038;r=g' srcset='https:\/\/secure.gravatar.com\/avatar\/c9245a74951075c504827685fd0d4d3ec0fa730693cc1e66ccb05942b4a2548d?s=80&#038;d=mm&#038;r=g 2x' class='avatar avatar-40 photo' height='40' width='40' \/>\t                    <\/div>\n\t                    <div class=\"blog-avatar-info\">\n\t                        <p>By <a href=\"https:\/\/apsa.new.brandshow.pt\/?author=1\" title=\"Artigos de admin\" rel=\"author\">admin<\/a><\/p>\n\t                    <\/div>\n\t                <\/div>\n\t                \t\t                <div class=\"blog-post-react\">\n\t\t                    <span class=\"sl-wrapper\"><a href=\"https:\/\/apsa.new.brandshow.pt\/wp-admin\/admin-ajax.php?action=process_simple_like&post_id=625&nonce=37f30a2137&is_comment=0&disabled=true\" class=\"sl-button sl-button-625\" data-nonce=\"37f30a2137\" data-post-id=\"625\" data-iscomment=\"0\" title=\"Like\"><i class=\"fal fa-heart unlike\"><\/i><span class=\"sl-count\">25<\/span><\/a><span class=\"sl-loader\"><\/span><\/span>\t\t                <\/div>\n\t                \t            <\/div>\n\t      \t      \t    <\/div>\n\t  <\/article>\n\t<\/div>\n\n    \n\t<div class=\"col-lg-4 blog-shortcode\">\n\t  <article id=\"post-624\" class=\"post-624 post type-post status-publish format-standard hentry category-noticias\">\n\t    <div class=\"single-blog-post mb-30\">\n\n\t    \n\t        \t\t        <div class=\"blog-content no-thumb\">\n\t                <div class=\"blog-meta mb-10\">\n\t                    <ul>\n\t                    \t\t                        \t                    <\/ul>\n\t                <\/div>\n\t                <h4><a href=\"https:\/\/apsa.new.brandshow.pt\/?p=624\">Beatolas apresentam projeto na Festa de Ver\u00e3o da APSA<\/a><\/h4>\n\t                <p>Foi no passado dia 31 de maio que os Beatolas apresentaram o projeto &#8220;O Nosso Musica&#8221;, co-financiado pelo I.N.R.,<\/p>\n\t                <div class=\"blog-avatar\">\n\t                    <div class=\"blog-avatar-img\">\n\t                        <img alt='' src='https:\/\/secure.gravatar.com\/avatar\/c9245a74951075c504827685fd0d4d3ec0fa730693cc1e66ccb05942b4a2548d?s=40&#038;d=mm&#038;r=g' srcset='https:\/\/secure.gravatar.com\/avatar\/c9245a74951075c504827685fd0d4d3ec0fa730693cc1e66ccb05942b4a2548d?s=80&#038;d=mm&#038;r=g 2x' class='avatar avatar-40 photo' height='40' width='40' \/>\t                    <\/div>\n\t                    <div class=\"blog-avatar-info\">\n\t                        <p>By <a href=\"https:\/\/apsa.new.brandshow.pt\/?author=1\" title=\"Artigos de admin\" rel=\"author\">admin<\/a><\/p>\n\t                    <\/div>\n\t                <\/div>\n\t                \t\t                <div class=\"blog-post-react\">\n\t\t                    <span class=\"sl-wrapper\"><a href=\"https:\/\/apsa.new.brandshow.pt\/wp-admin\/admin-ajax.php?action=process_simple_like&post_id=624&nonce=37f30a2137&is_comment=0&disabled=true\" class=\"sl-button sl-button-624\" data-nonce=\"37f30a2137\" data-post-id=\"624\" data-iscomment=\"0\" title=\"Like\"><i class=\"fal fa-heart unlike\"><\/i><span class=\"sl-count\">25<\/span><\/a><span class=\"sl-loader\"><\/span><\/span>\t\t                <\/div>\n\t                \t            <\/div>\n\t      \t      \t    <\/div>\n\t  <\/article>\n\t<\/div>\n\n    \n\t<div class=\"col-lg-4 blog-shortcode\">\n\t  <article id=\"post-623\" class=\"post-623 post type-post status-publish format-standard hentry category-noticias\">\n\t    <div class=\"single-blog-post mb-30\">\n\n\t    \n\t        \t\t        <div class=\"blog-content no-thumb\">\n\t                <div class=\"blog-meta mb-10\">\n\t                    <ul>\n\t                    \t\t                        \t                    <\/ul>\n\t                <\/div>\n\t                <h4><a href=\"https:\/\/apsa.new.brandshow.pt\/?p=623\">Excelentes desenvolvimentos no projeto &#8220;O Nosso Musical&#8221;<\/a><\/h4>\n\t                <p>Tem sido not\u00f3rio os grandes desenvolvimentos em termos vocais e express\u00e3o corporal. De facto, estas pessoas quando devidamente acompanhadas<\/p>\n\t                <div class=\"blog-avatar\">\n\t                    <div class=\"blog-avatar-img\">\n\t                        <img alt='' src='https:\/\/secure.gravatar.com\/avatar\/c9245a74951075c504827685fd0d4d3ec0fa730693cc1e66ccb05942b4a2548d?s=40&#038;d=mm&#038;r=g' srcset='https:\/\/secure.gravatar.com\/avatar\/c9245a74951075c504827685fd0d4d3ec0fa730693cc1e66ccb05942b4a2548d?s=80&#038;d=mm&#038;r=g 2x' class='avatar avatar-40 photo' height='40' width='40' \/>\t                    <\/div>\n\t                    <div class=\"blog-avatar-info\">\n\t                        <p>By <a href=\"https:\/\/apsa.new.brandshow.pt\/?author=1\" title=\"Artigos de admin\" rel=\"author\">admin<\/a><\/p>\n\t                    <\/div>\n\t                <\/div>\n\t                \t\t                <div class=\"blog-post-react\">\n\t\t                    <span class=\"sl-wrapper\"><a href=\"https:\/\/apsa.new.brandshow.pt\/wp-admin\/admin-ajax.php?action=process_simple_like&post_id=623&nonce=37f30a2137&is_comment=0&disabled=true\" class=\"sl-button sl-button-623\" data-nonce=\"37f30a2137\" data-post-id=\"623\" data-iscomment=\"0\" title=\"Like\"><i class=\"fal fa-heart unlike\"><\/i><span class=\"sl-count\">25<\/span><\/a><span class=\"sl-loader\"><\/span><\/span>\t\t                <\/div>\n\t                \t            <\/div>\n\t      \t      \t    <\/div>\n\t  <\/article>\n\t<\/div>\n\n    \n\t<div class=\"col-lg-4 blog-shortcode\">\n\t  <article id=\"post-622\" class=\"post-622 post type-post status-publish format-standard hentry category-noticias\">\n\t    <div class=\"single-blog-post mb-30\">\n\n\t    \n\t        \t\t        <div class=\"blog-content no-thumb\">\n\t                <div class=\"blog-meta mb-10\">\n\t                    <ul>\n\t                    \t\t                        \t                    <\/ul>\n\t                <\/div>\n\t                <h4><a href=\"https:\/\/apsa.new.brandshow.pt\/?p=622\">Nos preparativos para o grande musical<\/a><\/h4>\n\t                <p>O projeto co-financiado pelo INR, I.P., &#8220;O nosso musical&#8221; vai de vento em poupa. Os jovens est\u00e3o muito entusiasmados<\/p>\n\t                <div class=\"blog-avatar\">\n\t                    <div class=\"blog-avatar-img\">\n\t                        <img alt='' src='https:\/\/secure.gravatar.com\/avatar\/c9245a74951075c504827685fd0d4d3ec0fa730693cc1e66ccb05942b4a2548d?s=40&#038;d=mm&#038;r=g' srcset='https:\/\/secure.gravatar.com\/avatar\/c9245a74951075c504827685fd0d4d3ec0fa730693cc1e66ccb05942b4a2548d?s=80&#038;d=mm&#038;r=g 2x' class='avatar avatar-40 photo' height='40' width='40' \/>\t                    <\/div>\n\t                    <div class=\"blog-avatar-info\">\n\t                        <p>By <a href=\"https:\/\/apsa.new.brandshow.pt\/?author=1\" title=\"Artigos de admin\" rel=\"author\">admin<\/a><\/p>\n\t                    <\/div>\n\t                <\/div>\n\t                \t\t                <div class=\"blog-post-react\">\n\t\t                    <span class=\"sl-wrapper\"><a href=\"https:\/\/apsa.new.brandshow.pt\/wp-admin\/admin-ajax.php?action=process_simple_like&post_id=622&nonce=37f30a2137&is_comment=0&disabled=true\" class=\"sl-button sl-button-622\" data-nonce=\"37f30a2137\" data-post-id=\"622\" data-iscomment=\"0\" title=\"Like\"><i class=\"fal fa-heart unlike\"><\/i><span class=\"sl-count\">25<\/span><\/a><span class=\"sl-loader\"><\/span><\/span>\t\t                <\/div>\n\t                \t            <\/div>\n\t      \t      \t    <\/div>\n\t  <\/article>\n\t<\/div>\n\n    <\/div>\n\n\t\t\t\t<\/div>\n\t\t\t\t<\/div>\n\t\t\t\t\t<\/div>\n\t\t<\/div>\n\t\t\t\t\t<\/div>\n\t\t<\/section>\n\t\t\t\t<\/div>\n\t\t","protected":false},"excerpt":{"rendered":"<p>+ All Categories + Fresh Food+ Home Less+ Medical Fresh Food 12:00 am &#8211; 12:00 am Volutpat eros pulvinar velit lao reet in Peace in fresh food. Lorem ipsum dolor sit amet, consectetur adipisicing elit, sed do eiusmod tempor incididunt ut labore et dolore magna aliqua. Ut enim ad minim veniam, quis nostrud exercitation ullamco [&hellip;]<\/p>\n","protected":false},"author":1,"featured_media":0,"parent":0,"menu_order":0,"comment_status":"closed","ping_status":"closed","template":"page-template\/blank-page-sidebar.php","meta":{"_acf_changed":false,"give_campaign_id":0,"_monsterinsights_skip_tracking":false,"_monsterinsights_sitenote_active":false,"_monsterinsights_sitenote_note":"","_monsterinsights_sitenote_category":0,"footnotes":""},"class_list":["post-2982","page","type-page","status-publish","hentry"],"acf":[],"aioseo_notices":[],"campaignId":"","_links":{"self":[{"href":"https:\/\/apsa.new.brandshow.pt\/index.php?rest_route=\/wp\/v2\/pages\/2982","targetHints":{"allow":["GET"]}}],"collection":[{"href":"https:\/\/apsa.new.brandshow.pt\/index.php?rest_route=\/wp\/v2\/pages"}],"about":[{"href":"https:\/\/apsa.new.brandshow.pt\/index.php?rest_route=\/wp\/v2\/types\/page"}],"author":[{"embeddable":true,"href":"https:\/\/apsa.new.brandshow.pt\/index.php?rest_route=\/wp\/v2\/users\/1"}],"replies":[{"embeddable":true,"href":"https:\/\/apsa.new.brandshow.pt\/index.php?rest_route=%2Fwp%2Fv2%2Fcomments&post=2982"}],"version-history":[{"count":1,"href":"https:\/\/apsa.new.brandshow.pt\/index.php?rest_route=\/wp\/v2\/pages\/2982\/revisions"}],"predecessor-version":[{"id":3027,"href":"https:\/\/apsa.new.brandshow.pt\/index.php?rest_route=\/wp\/v2\/pages\/2982\/revisions\/3027"}],"wp:attachment":[{"href":"https:\/\/apsa.new.brandshow.pt\/index.php?rest_route=%2Fwp%2Fv2%2Fmedia&parent=2982"}],"curies":[{"name":"wp","href":"https:\/\/api.w.org\/{rel}","templated":true}]}}